{"id":2013,"date":"2025-07-28T23:26:17","date_gmt":"2025-07-28T21:26:17","guid":{"rendered":"https:\/\/net-e.de\/?page_id=2013"},"modified":"2025-07-29T09:41:32","modified_gmt":"2025-07-29T07:41:32","slug":"social-engineering","status":"publish","type":"page","link":"https:\/\/net-e.de\/de\/social-engineering\/","title":{"rendered":"social-engineering"},"content":{"rendered":"\n<style type=\"text\/css\">\n\t#hero-small-block_081d17585c34854f241eeeb5b04b15f6 {\n\t\t\/* Add styles that use ACF values here *\/\n\t}\n<\/style>\n\n<!-- ******************* Block: Small Hero******************* -->\n<div id=\"hero-small-block_081d17585c34854f241eeeb5b04b15f6\" class=\"block-hero-small alignfull\">\n\n\t\t\t<div class=\"jumbotron jumbotron-small d-flex align-items-center text-center rounded-0 px-0\" style=\"background-image: url('https:\/\/net-e.de\/wp-content\/uploads\/2021\/12\/img_head-start.svg');\">\n\n\t\t\t<div class=\"container-fluid overlay\">\n\t\t\t\t<div class=\"row h-100\">\n\t\t\t\t\t<div class=\"col-12 overlay-col\">\n\n\t\t\t\t\t\t\t\t\t\t\t\t\t\t\t\t\t\t\n\t\t\t\t\t<\/div>\n\t\t\t\t<\/div>\n\t\t\t<\/div>\n\n\t\t\t<div class=\"container container-mt text-container\">\n\t\t\t\t<div class=\"row\">\n\t\t\t\t\t<div class=\"col-12\">\n\t\t\t\t\t\t<div class=\"font-small-hero-responsive regular text-white text-left w-75\">\n\t\t\t\t\t\t\t<b style=\"color:#cc5e24\">Social Engineering \u2013 wenn der Angriff beim Menschen beginnt<\/b> \t\t\t\t\t\t<\/div>\n\t\t\t\t\t<\/div>\n\t\t\t\t<\/div>\n\n\t\t\t<\/div>\n\n\t\t<\/div>\n\n\t\n<\/div>\n\n\n<style type=\"text\/css\">\n    #section-block_d6242b603d9b1113aa90565e9e7ed7a6 {\n        \/* Add styles that use ACF values here *\/\n    }\n<\/style>\n\n<!-- ******************* Block: Section ******************* -->\n<div id=\"section-block_d6242b603d9b1113aa90565e9e7ed7a6\" class=\"block-section alignwide mb-0 mt-0 pb-0 pt-0\" style=\"background-color: \">\n    \n\n<style type=\"text\/css\">\n\t#text-bild-block_2808d2d7bc43e4a15baf17017f7d90bd {\n\t\t\/* Add styles that use ACF values here *\/\n\t}\n<\/style>\n\n<!-- ******************* Block: Text\/Bild ******************* -->\n<div id=\"text-bild-block_2808d2d7bc43e4a15baf17017f7d90bd\" class=\"block-text-bild alignwide\">\n\n\t\t\t\t<div class=\"overflow-hidden\">\n\t\t\t<div class=\"container \">\n\t\t\t\t<div class=\"row flex-wrap-reverse\">\n\n\t\t\t\t\t\t\t\t\t\t\n\t\t\t\t\t<div class=\" col-xl-6 col-lg-6 col-md-12 col-sm-12 col-12 padding-right text-col-padding my-auto\">\n\t\t\t\t\t\t<div class=\"font-size-13 line-height-25 regular text-lightgrey\"><\/div>\n\t\t\t\t\t\t<div class=\"title-width\"><p data-start=\"392\" data-end=\"435\"><span style=\"color: #cc5e24\"><strong>Firewalls lassen sich konfigurieren. Menschen nicht.<\/strong><\/span><\/p>\n<\/div>\n\t\t\t\t\t\t<hr class=\"hr-lightgrey\">\n\t\t\t\t\t\t<div class=\"description-width\">\n\t\t\t\t\t\t\t<p data-start=\"382\" data-end=\"669\"><strong data-start=\"382\" data-end=\"404\">Social Engineering<\/strong> ist eine der gef\u00e4hrlichsten Formen des Cyberangriffs \u2013 nicht technisch, sondern menschlich. Angreifer nutzen gezielt Vertrauen, Unaufmerksamkeit oder Stresssituationen, um Mitarbeitende zu t\u00e4uschen und an vertrauliche Informationen oder Zugangsdaten zu gelangen.<\/p>\n<p data-start=\"671\" data-end=\"865\">Ob durch <strong data-start=\"680\" data-end=\"780\">Phishing-Mails, gef\u00e4lschte Anrufe (Vishing), gef\u00e4lschte Webseiten oder sogar physische T\u00e4uschung<\/strong> \u2013 der Angreifer braucht oft nur einen kleinen Fehler, um gro\u00dfen Schaden anzurichten.<\/p>\n\t\t\t\t\t\t<\/div>\n\n\t\t\t\t\t\t\t\t\t\t\t\t\t\t\t\t\t<\/div>\n\n\t\t\t\t\t\t\t\t\t\t\n\t\t\t\t\t\t<div class=\"col-xl-6 col-lg-6 col-md-12 col-sm-12 col-12 img-col-margin img-col-padding right-bg-padding text-center right-bg\">\n\t\t\t\t\t\t\t<img fetchpriority=\"high\" decoding=\"async\" width=\"1456\" height=\"816\" src=\"https:\/\/net-e.de\/wp-content\/uploads\/2025\/07\/u3658113938_A_stylized_digital_illustration_of_an_IT_security_08aa1a22-a3e5-4e7a-a8c4-72ba367e5ccf_2.png\" class=\"attachment-full img-right size-full img-right\" alt=\"\" srcset=\"https:\/\/net-e.de\/wp-content\/uploads\/2025\/07\/u3658113938_A_stylized_digital_illustration_of_an_IT_security_08aa1a22-a3e5-4e7a-a8c4-72ba367e5ccf_2.png 1456w, https:\/\/net-e.de\/wp-content\/uploads\/2025\/07\/u3658113938_A_stylized_digital_illustration_of_an_IT_security_08aa1a22-a3e5-4e7a-a8c4-72ba367e5ccf_2-300x168.png 300w, https:\/\/net-e.de\/wp-content\/uploads\/2025\/07\/u3658113938_A_stylized_digital_illustration_of_an_IT_security_08aa1a22-a3e5-4e7a-a8c4-72ba367e5ccf_2-1024x574.png 1024w, https:\/\/net-e.de\/wp-content\/uploads\/2025\/07\/u3658113938_A_stylized_digital_illustration_of_an_IT_security_08aa1a22-a3e5-4e7a-a8c4-72ba367e5ccf_2-768x430.png 768w, https:\/\/net-e.de\/wp-content\/uploads\/2025\/07\/u3658113938_A_stylized_digital_illustration_of_an_IT_security_08aa1a22-a3e5-4e7a-a8c4-72ba367e5ccf_2-18x10.png 18w\" sizes=\"(max-width: 1456px) 100vw, 1456px\" \/>\n\t\t\t\t\t\t\n\t\t\t\t\t\t\t<\/div>\n\t\t\t\t\t\t<\/div>\n\t\t\t\t<\/div>\n\t\t\t<\/div>\n\t\t\n\t\t\t<\/div>\n\n<\/div>\n\n\n<style type=\"text\/css\">\n    #section-block_8b875e31e2f4bc2c8e1af1df61c0d585 {\n        \/* Add styles that use ACF values here *\/\n    }\n<\/style>\n\n<!-- ******************* Block: Section ******************* -->\n<div id=\"section-block_8b875e31e2f4bc2c8e1af1df61c0d585\" class=\"block-section alignwide mb-0 mt-0 pb-0 pt-0\" style=\"background-color: #ffffff\">\n    \n\n<style type=\"text\/css\">\n\t#text-bild-block_91d07829057f5fe9c44d31b31dfc920c {\n\t\t\/* Add styles that use ACF values here *\/\n\t}\n<\/style>\n\n<!-- ******************* Block: Text\/Bild ******************* -->\n<div id=\"text-bild-block_91d07829057f5fe9c44d31b31dfc920c\" class=\"block-text-bild alignwide\">\n\n\t\t\t\t\t<div class=\"overflow-hidden\">\n\t\t\t\t<div class=\"container \">\n\t\t\t\t\t<div class=\"row\">\n\n\t\t\t\t\t\t\t\t\t\t\t\t\n\t\t\t\t\t\t\t<div class=\"col-xl-6 col-lg-6 col-md-12 col-sm-12 col-12 img-col-margin img-col-padding left-bg-padding text-center left-bg\">\n\t\t\t\t\t\t\t\t<img decoding=\"async\" width=\"1456\" height=\"816\" src=\"https:\/\/net-e.de\/wp-content\/uploads\/2025\/07\/u3658113938_A_stylized_digital_scene_representing_IT_Incident_925e3d81-a105-4332-b97e-1738bc298a89_1.png\" class=\"attachment-full img-left size-full img-left\" alt=\"\" srcset=\"https:\/\/net-e.de\/wp-content\/uploads\/2025\/07\/u3658113938_A_stylized_digital_scene_representing_IT_Incident_925e3d81-a105-4332-b97e-1738bc298a89_1.png 1456w, https:\/\/net-e.de\/wp-content\/uploads\/2025\/07\/u3658113938_A_stylized_digital_scene_representing_IT_Incident_925e3d81-a105-4332-b97e-1738bc298a89_1-300x168.png 300w, https:\/\/net-e.de\/wp-content\/uploads\/2025\/07\/u3658113938_A_stylized_digital_scene_representing_IT_Incident_925e3d81-a105-4332-b97e-1738bc298a89_1-1024x574.png 1024w, https:\/\/net-e.de\/wp-content\/uploads\/2025\/07\/u3658113938_A_stylized_digital_scene_representing_IT_Incident_925e3d81-a105-4332-b97e-1738bc298a89_1-768x430.png 768w, https:\/\/net-e.de\/wp-content\/uploads\/2025\/07\/u3658113938_A_stylized_digital_scene_representing_IT_Incident_925e3d81-a105-4332-b97e-1738bc298a89_1-18x10.png 18w\" sizes=\"(max-width: 1456px) 100vw, 1456px\" \/>\n\t\t\t\t\t\t\t \n\n\t\t\t\t\t\t\t\t<\/div>\n\n\t\t\t\t\t\t\t\t\t\t\t\t\t\t\t\t\n\t\t\t\t\t\t\t\t<div class=\"col-xl-6 col-lg-6 col-md-12 col-sm-12 col-12 padding-left text-col-padding my-auto\">\n\t\t\t\t\t\t\t\t\t<div class=\"font-size-13 line-height-25 regular text-lightgrey\"><\/div>\n\t\t\t\t\t\t\t\t\t<div class=\"title-width\"><p data-start=\"872\" data-end=\"927\"><span style=\"color: #cc5e24\"><strong data-start=\"876\" data-end=\"927\">Unsere Leistungen im Bereich Social Engineering<\/strong><\/span><\/p>\n<\/div>\n\t\t\t\t\t\t\t\t\t<hr class=\"hr-lightgrey\">\n\t\t\t\t\t\t\t\t\t<div class=\"description-width\">\n\t\t\t\t\t\t\t\t\t\t<h3 data-start=\"872\" data-end=\"927\"><\/h3>\n<p data-start=\"929\" data-end=\"1107\">Wir pr\u00fcfen die Widerstandsf\u00e4higkeit Ihrer Organisation gegen menschliche Manipulation \u2013 kontrolliert, rechtssicher und zielgerichtet.<\/p>\n<p data-start=\"929\" data-end=\"1107\">Dabei kombinieren wir verschiedene Methoden:<\/p>\n<ul data-start=\"1109\" data-end=\"1433\">\n<li data-start=\"1109\" data-end=\"1194\">\n<p data-start=\"1111\" data-end=\"1194\"><strong data-start=\"1111\" data-end=\"1136\">Phishing-Simulationen<\/strong>: Realit\u00e4tsnahe E-Mail-Kampagnen mit Auswertung &amp; Schulung<\/p>\n<\/li>\n<li data-start=\"1195\" data-end=\"1259\">\n<p data-start=\"1197\" data-end=\"1259\"><strong data-start=\"1197\" data-end=\"1221\">Vishing<\/strong>: Testanrufe mit sozialer Manipulation<\/p>\n<\/li>\n<li data-start=\"1260\" data-end=\"1351\">\n<p data-start=\"1262\" data-end=\"1351\"><strong data-start=\"1262\" data-end=\"1295\">Physisches Social Engineering<\/strong>: Versuche, Zutritt zu gesch\u00fctzten Bereichen zu erlangen<\/p>\n<\/li>\n<li data-start=\"1352\" data-end=\"1433\">\n<p data-start=\"1354\" data-end=\"1433\"><strong data-start=\"1354\" data-end=\"1387\">Workshops &amp; Awareness-Formate<\/strong>: So machen wir Ihr Team stark gegen T\u00e4uschung<\/p>\n<\/li>\n<\/ul>\n<hr data-start=\"1435\" data-end=\"1438\" \/>\n<h3 data-start=\"1440\" data-end=\"1491\"><span style=\"color: #cc5e24\"><strong data-start=\"1444\" data-end=\"1491\">Warum Social Engineering-Tests wichtig sind<\/strong><\/span><\/h3>\n<ul>\n<li data-start=\"1493\" data-end=\"1839\">Social Engineering ist eine der h\u00e4ufigsten Ursachen f\u00fcr Sicherheitsvorf\u00e4lle<\/li>\n<li data-start=\"1493\" data-end=\"1839\">Menschen lassen sich schwer automatisiert \u201eabsichern\u201c \u2013 sie m\u00fcssen geschult werden<\/li>\n<li data-start=\"1493\" data-end=\"1839\">Die Tests zeigen realistische Schwachstellen im Alltag<\/li>\n<li data-start=\"1493\" data-end=\"1839\">Ideal kombinierbar mit Penetrationstests, Phishing-Simulationen &amp; Awareness-Schulungen<\/li>\n<\/ul>\n\t\t\t\t\t\t\t\t\t<\/div>\n\n\t\t\t\t\t\t\t\t\t\t\t\t\t\t\t\t\t\t\t\t\t\t\t\t\t\t<\/div>\n\n\t\t\t\t\t\t\t<\/div>\n\t\t\t\t\t<\/div>\n\t\t\t\t<\/div>\n\t\t\t\n\t\t\t<\/div>\n\n<\/div>\n\n\n<style type=\"text\/css\">\n    #section-block_8b875e31e2f4bc2c8e1af1df61c0d585 {\n        \/* Add styles that use ACF values here *\/\n    }\n<\/style>\n\n<!-- ******************* Block: Section ******************* -->\n<div id=\"section-block_8b875e31e2f4bc2c8e1af1df61c0d585\" class=\"block-section alignwide mb-0 mt-0 pb-0 pt-0\" style=\"background-color: #ffffff\">\n    \n\n<style type=\"text\/css\">\n\t#text-bild-block_6dcfc8f1dad6e05190b89d46f45bf35c {\n\t\t\/* Add styles that use ACF values here *\/\n\t}\n<\/style>\n\n<!-- ******************* Block: Text\/Bild ******************* -->\n<div id=\"text-bild-block_6dcfc8f1dad6e05190b89d46f45bf35c\" class=\"block-text-bild alignwide\">\n\n\t\t\t\t<div class=\"overflow-hidden\">\n\t\t\t<div class=\"container \">\n\t\t\t\t<div class=\"row flex-wrap-reverse\">\n\n\t\t\t\t\t\t\t\t\t\t\n\t\t\t\t\t<div class=\" col-xl-6 col-lg-6 col-md-12 col-sm-12 col-12 padding-right text-col-padding my-auto\">\n\t\t\t\t\t\t<div class=\"font-size-13 line-height-25 regular text-lightgrey\"><\/div>\n\t\t\t\t\t\t<div class=\"title-width\"><p data-start=\"3471\" data-end=\"3535\"><span style=\"color: #cc5e24\"><strong data-start=\"3475\" data-end=\"3535\">Sicher handeln im Ernstfall \u2013 jetzt Gespr\u00e4ch vereinbaren<\/strong><\/span><\/p>\n<\/div>\n\t\t\t\t\t\t<hr class=\"hr-lightgrey\">\n\t\t\t\t\t\t<div class=\"description-width\">\n\t\t\t\t\t\t\t<h3 data-start=\"1846\" data-end=\"1900\"><\/h3>\n<p data-start=\"1902\" data-end=\"2075\">Wir helfen Ihnen, Ihr Team zur st\u00e4rksten Verteidigungslinie zu machen. Mit professionellen Social-Engineering-Tests, fundierter Auswertung und gezielten Trainingsformaten.<\/p>\n<p data-start=\"2077\" data-end=\"2191\"><strong data-start=\"2080\" data-end=\"2191\">Sprechen Sie uns an \u2013 wir zeigen Ihnen, wie einfach Angreifer vorgehen k\u00f6nnen. Und wie man es besser macht.<\/strong><\/p>\n\t\t\t\t\t\t<\/div>\n\n\t\t\t\t\t\t\t\t\t\t\t\t\n\t\t\t\t\t\t\t<a href=\"https:\/\/outlook.office365.com\/book\/neteNetworkExpertsGmbH@net-e.de\/\" ype=\"button\" class=\"btn btn-further rounded-0 p-0 \">\n\n\t\t\t\t\t\t\t\t<div class=\"btn-more-wrap\">\n\t\t\t\t\t\t\t\t\t<span class=\" font-size-12 line-height-18 medium pr-2\">Termin buchen<\/span>\n\n\t\t\t\t\t\t\t\t\t<svg class=\"arrow-right\" xmlns=\"http:\/\/www.w3.org\/2000\/svg\" width=\"16.707\" height=\"8.707\" viewBox=\"0 0 16.707 8.707\">\n\t\t\t\t\t\t\t\t\t\t<g id=\"Gruppe_1125\" data-name=\"Gruppe 1125\" transform=\"translate(0 0.356)\">\n\t\t\t\t\t\t\t\t\t\t\t<g id=\"ic-roundabout-forward-section\" transform=\"translate(0)\">\n\t\t\t\t\t\t\t\t\t\t\t\t<path id=\"Pfad_31444\" data-name=\"Pfad 31444\" d=\"M454,.36,458,4.3,454,8.36\" transform=\"translate(-442 -0.36)\" fill=\"none\" stroke=\"#D27A4E\" stroke-miterlimit=\"10\" stroke-width=\"1\" \/>\n\t\t\t\t\t\t\t\t\t\t\t\t<line id=\"Linie_35\" data-name=\"Linie 35\" x1=\"16\" transform=\"translate(0 4)\" fill=\"none\" stroke=\"#D27A4E\" stroke-miterlimit=\"10\" stroke-width=\"1\" \/>\n\t\t\t\t\t\t\t\t\t\t\t<\/g>\n\t\t\t\t\t\t\t\t\t\t<\/g>\n\t\t\t\t\t\t\t\t\t<\/svg>\n\t\t\t\t\t\t\t\t<\/div>\n\t\t\t\t\t\t\t<\/a>\n\n\t\t\t\t\t\t\t\t\t\t\t<\/div>\n\n\t\t\t\t\t\t\t\t\t\t\n\t\t\t\t\t\t<div class=\"col-xl-6 col-lg-6 col-md-12 col-sm-12 col-12 img-col-margin img-col-padding right-bg-padding text-center right-bg\">\n\t\t\t\t\t\t\t<img decoding=\"async\" width=\"1024\" height=\"1024\" src=\"https:\/\/net-e.de\/wp-content\/uploads\/2025\/07\/u3658113938_it_team_in_the_wadden_sea_-v_6.1_6e271f91-5d05-4c15-bc79-99a142da8c93_1.png\" class=\"attachment-full img-right size-full img-right\" alt=\"\" srcset=\"https:\/\/net-e.de\/wp-content\/uploads\/2025\/07\/u3658113938_it_team_in_the_wadden_sea_-v_6.1_6e271f91-5d05-4c15-bc79-99a142da8c93_1.png 1024w, https:\/\/net-e.de\/wp-content\/uploads\/2025\/07\/u3658113938_it_team_in_the_wadden_sea_-v_6.1_6e271f91-5d05-4c15-bc79-99a142da8c93_1-300x300.png 300w, https:\/\/net-e.de\/wp-content\/uploads\/2025\/07\/u3658113938_it_team_in_the_wadden_sea_-v_6.1_6e271f91-5d05-4c15-bc79-99a142da8c93_1-150x150.png 150w, https:\/\/net-e.de\/wp-content\/uploads\/2025\/07\/u3658113938_it_team_in_the_wadden_sea_-v_6.1_6e271f91-5d05-4c15-bc79-99a142da8c93_1-768x768.png 768w, https:\/\/net-e.de\/wp-content\/uploads\/2025\/07\/u3658113938_it_team_in_the_wadden_sea_-v_6.1_6e271f91-5d05-4c15-bc79-99a142da8c93_1-12x12.png 12w\" sizes=\"(max-width: 1024px) 100vw, 1024px\" \/>\n\t\t\t\t\t\t\n\t\t\t\t\t\t\t<\/div>\n\t\t\t\t\t\t<\/div>\n\t\t\t\t<\/div>\n\t\t\t<\/div>\n\t\t\n\t\t\t<\/div>\n\n<\/div>\n\n\n<style type=\"text\/css\">\n    #section-block_d6242b603d9b1113aa90565e9e7ed7a6 {\n        \/* Add styles that use ACF values here *\/\n    }\n<\/style>\n\n<!-- ******************* Block: Section ******************* -->\n<div id=\"section-block_d6242b603d9b1113aa90565e9e7ed7a6\" class=\"block-section alignwide mb-0 mt-0 pb-0 pt-0\" style=\"background-color: \">\n    \n<\/div>\n\n\n<style type=\"text\/css\">\n    #section-block_8b875e31e2f4bc2c8e1af1df61c0d585 {\n        \/* Add styles that use ACF values here *\/\n    }\n<\/style>\n\n<!-- ******************* Block: Section ******************* -->\n<div id=\"section-block_8b875e31e2f4bc2c8e1af1df61c0d585\" class=\"block-section alignwide mb-0 mt-0 pb-0 pt-0\" style=\"background-color: #ffffff\">\n    \n<\/div>\n\n\n<style type=\"text\/css\">\n    #section-block_d6242b603d9b1113aa90565e9e7ed7a6 {\n        \/* Add styles that use ACF values here *\/\n    }\n<\/style>\n\n<!-- ******************* Block: Section ******************* -->\n<div id=\"section-block_d6242b603d9b1113aa90565e9e7ed7a6\" class=\"block-section alignwide mb-0 mt-0 pb-0 pt-0\" style=\"background-color: \">\n    \n<\/div>","protected":false},"excerpt":{"rendered":"<p> [&#8230;]<\/p>\n<p><a class=\"btn btn-post-read-more mt-5 p-0 d-flex justify-content-center align-items-center\" href=\"https:\/\/net-e.de\/de\/social-engineering\/\"><span class=\"ml-auto\">Vollst\u00e4ndiger Bericht<\/span> <span class=\"read-more-inner position-relative ml-auto\"><br \/>\n\t\t\t<svg class=\"position-absolute arrow-down\" xmlns=\"http:\/\/www.w3.org\/2000\/svg\" width=\"13.707\" height=\"16.707\" viewBox=\"0 0 13.707 16.707\">\n\t\t\t  <g id=\"ic-roundabout-forward\" transform=\"translate(13.351 -10) rotate(90)\">\n\t\t\t    <path id=\"Pfad_31444\" data-name=\"Pfad 31444\" d=\"M454,.36l6.5,6.4-6.5,6.6\" transform=\"translate(-434.5 -0.36)\" fill=\"none\" stroke=\"#fff\" stroke-miterlimit=\"10\" stroke-width=\"1\"\/>\n\t\t\t    <line id=\"Linie_35\" data-name=\"Linie 35\" x1=\"16\" transform=\"translate(10 6.5)\" fill=\"none\" stroke=\"#fff\" stroke-miterlimit=\"10\" stroke-width=\"1\"\/>\n\t\t\t  <\/g>\n\t\t\t<\/svg><br \/>\n\t\t\t<\/span><\/a><\/p>\n","protected":false},"author":1,"featured_media":0,"parent":0,"menu_order":0,"comment_status":"closed","ping_status":"closed","template":"page-templates\/default-skeleton.php","meta":{"_acf_changed":false,"footnotes":""},"class_list":["post-2013","page","type-page","status-publish","hentry"],"acf":[],"yoast_head":"<!-- This site is optimized with the Yoast SEO plugin v27.4 - https:\/\/yoast.com\/product\/yoast-seo-wordpress\/ -->\n<title>social-engineering | net.e<\/title>\n<meta name=\"robots\" content=\"index, follow, max-snippet:-1, max-image-preview:large, max-video-preview:-1\" \/>\n<link rel=\"canonical\" href=\"https:\/\/net-e.de\/de\/social-engineering\/\" \/>\n<meta property=\"og:locale\" content=\"de_DE\" \/>\n<meta property=\"og:type\" content=\"article\" \/>\n<meta property=\"og:title\" content=\"social-engineering | net.e\" \/>\n<meta property=\"og:description\" content=\"[...]Vollst\u00e4ndiger Bericht\" \/>\n<meta property=\"og:url\" content=\"https:\/\/net-e.de\/de\/social-engineering\/\" \/>\n<meta property=\"og:site_name\" content=\"net.e\" \/>\n<meta property=\"article:modified_time\" content=\"2025-07-29T07:41:32+00:00\" \/>\n<meta name=\"twitter:card\" content=\"summary_large_image\" \/>\n<script type=\"application\/ld+json\" class=\"yoast-schema-graph\">{\"@context\":\"https:\\\/\\\/schema.org\",\"@graph\":[{\"@type\":\"WebPage\",\"@id\":\"https:\\\/\\\/net-e.de\\\/social-engineering\\\/\",\"url\":\"https:\\\/\\\/net-e.de\\\/social-engineering\\\/\",\"name\":\"social-engineering | net.e\",\"isPartOf\":{\"@id\":\"https:\\\/\\\/net-e.de\\\/en\\\/#website\"},\"datePublished\":\"2025-07-28T21:26:17+00:00\",\"dateModified\":\"2025-07-29T07:41:32+00:00\",\"breadcrumb\":{\"@id\":\"https:\\\/\\\/net-e.de\\\/social-engineering\\\/#breadcrumb\"},\"inLanguage\":\"de\",\"potentialAction\":[{\"@type\":\"ReadAction\",\"target\":[\"https:\\\/\\\/net-e.de\\\/social-engineering\\\/\"]}]},{\"@type\":\"BreadcrumbList\",\"@id\":\"https:\\\/\\\/net-e.de\\\/social-engineering\\\/#breadcrumb\",\"itemListElement\":[{\"@type\":\"ListItem\",\"position\":1,\"name\":\"Startseite\",\"item\":\"https:\\\/\\\/net-e.de\\\/\"},{\"@type\":\"ListItem\",\"position\":2,\"name\":\"social-engineering\"}]},{\"@type\":\"WebSite\",\"@id\":\"https:\\\/\\\/net-e.de\\\/en\\\/#website\",\"url\":\"https:\\\/\\\/net-e.de\\\/en\\\/\",\"name\":\"net.e\",\"description\":\"net.e - unabh\u00e4ngige IT Beratung aus Aurich\",\"publisher\":{\"@id\":\"https:\\\/\\\/net-e.de\\\/en\\\/#organization\"},\"potentialAction\":[{\"@type\":\"SearchAction\",\"target\":{\"@type\":\"EntryPoint\",\"urlTemplate\":\"https:\\\/\\\/net-e.de\\\/en\\\/?s={search_term_string}\"},\"query-input\":{\"@type\":\"PropertyValueSpecification\",\"valueRequired\":true,\"valueName\":\"search_term_string\"}}],\"inLanguage\":\"de\"},{\"@type\":\"Organization\",\"@id\":\"https:\\\/\\\/net-e.de\\\/en\\\/#organization\",\"name\":\"net.e - Network Experts GmbH\",\"url\":\"https:\\\/\\\/net-e.de\\\/en\\\/\",\"logo\":{\"@type\":\"ImageObject\",\"inLanguage\":\"de\",\"@id\":\"https:\\\/\\\/net-e.de\\\/en\\\/#\\\/schema\\\/logo\\\/image\\\/\",\"url\":\"https:\\\/\\\/net-e.de\\\/wp-content\\\/uploads\\\/2022\\\/03\\\/nete-network-experts-logo-Kopie.png\",\"contentUrl\":\"https:\\\/\\\/net-e.de\\\/wp-content\\\/uploads\\\/2022\\\/03\\\/nete-network-experts-logo-Kopie.png\",\"width\":4744,\"height\":2680,\"caption\":\"net.e - Network Experts GmbH\"},\"image\":{\"@id\":\"https:\\\/\\\/net-e.de\\\/en\\\/#\\\/schema\\\/logo\\\/image\\\/\"}}]}<\/script>\n<!-- \/ Yoast SEO plugin. -->","yoast_head_json":{"title":"social-engineering | net.e","robots":{"index":"index","follow":"follow","max-snippet":"max-snippet:-1","max-image-preview":"max-image-preview:large","max-video-preview":"max-video-preview:-1"},"canonical":"https:\/\/net-e.de\/de\/social-engineering\/","og_locale":"de_DE","og_type":"article","og_title":"social-engineering | net.e","og_description":"[...]Vollst\u00e4ndiger Bericht","og_url":"https:\/\/net-e.de\/de\/social-engineering\/","og_site_name":"net.e","article_modified_time":"2025-07-29T07:41:32+00:00","twitter_card":"summary_large_image","schema":{"@context":"https:\/\/schema.org","@graph":[{"@type":"WebPage","@id":"https:\/\/net-e.de\/social-engineering\/","url":"https:\/\/net-e.de\/social-engineering\/","name":"social-engineering | net.e","isPartOf":{"@id":"https:\/\/net-e.de\/en\/#website"},"datePublished":"2025-07-28T21:26:17+00:00","dateModified":"2025-07-29T07:41:32+00:00","breadcrumb":{"@id":"https:\/\/net-e.de\/social-engineering\/#breadcrumb"},"inLanguage":"de","potentialAction":[{"@type":"ReadAction","target":["https:\/\/net-e.de\/social-engineering\/"]}]},{"@type":"BreadcrumbList","@id":"https:\/\/net-e.de\/social-engineering\/#breadcrumb","itemListElement":[{"@type":"ListItem","position":1,"name":"Startseite","item":"https:\/\/net-e.de\/"},{"@type":"ListItem","position":2,"name":"social-engineering"}]},{"@type":"WebSite","@id":"https:\/\/net-e.de\/en\/#website","url":"https:\/\/net-e.de\/en\/","name":"net.e","description":"net.e - unabh\u00e4ngige IT Beratung aus Aurich","publisher":{"@id":"https:\/\/net-e.de\/en\/#organization"},"potentialAction":[{"@type":"SearchAction","target":{"@type":"EntryPoint","urlTemplate":"https:\/\/net-e.de\/en\/?s={search_term_string}"},"query-input":{"@type":"PropertyValueSpecification","valueRequired":true,"valueName":"search_term_string"}}],"inLanguage":"de"},{"@type":"Organization","@id":"https:\/\/net-e.de\/en\/#organization","name":"net.e - Network Experts GmbH","url":"https:\/\/net-e.de\/en\/","logo":{"@type":"ImageObject","inLanguage":"de","@id":"https:\/\/net-e.de\/en\/#\/schema\/logo\/image\/","url":"https:\/\/net-e.de\/wp-content\/uploads\/2022\/03\/nete-network-experts-logo-Kopie.png","contentUrl":"https:\/\/net-e.de\/wp-content\/uploads\/2022\/03\/nete-network-experts-logo-Kopie.png","width":4744,"height":2680,"caption":"net.e - Network Experts GmbH"},"image":{"@id":"https:\/\/net-e.de\/en\/#\/schema\/logo\/image\/"}}]}},"jetpack_sharing_enabled":true,"_links":{"self":[{"href":"https:\/\/net-e.de\/de\/wp-json\/wp\/v2\/pages\/2013","targetHints":{"allow":["GET"]}}],"collection":[{"href":"https:\/\/net-e.de\/de\/wp-json\/wp\/v2\/pages"}],"about":[{"href":"https:\/\/net-e.de\/de\/wp-json\/wp\/v2\/types\/page"}],"author":[{"embeddable":true,"href":"https:\/\/net-e.de\/de\/wp-json\/wp\/v2\/users\/1"}],"replies":[{"embeddable":true,"href":"https:\/\/net-e.de\/de\/wp-json\/wp\/v2\/comments?post=2013"}],"version-history":[{"count":3,"href":"https:\/\/net-e.de\/de\/wp-json\/wp\/v2\/pages\/2013\/revisions"}],"predecessor-version":[{"id":2054,"href":"https:\/\/net-e.de\/de\/wp-json\/wp\/v2\/pages\/2013\/revisions\/2054"}],"wp:attachment":[{"href":"https:\/\/net-e.de\/de\/wp-json\/wp\/v2\/media?parent=2013"}],"curies":[{"name":"wp","href":"https:\/\/api.w.org\/{rel}","templated":true}]}}