{"id":2016,"date":"2025-07-28T23:35:35","date_gmt":"2025-07-28T21:35:35","guid":{"rendered":"https:\/\/net-e.de\/?page_id=2016"},"modified":"2025-07-29T09:36:18","modified_gmt":"2025-07-29T07:36:18","slug":"it-consulting","status":"publish","type":"page","link":"https:\/\/net-e.de\/de\/it-consulting\/","title":{"rendered":"it-consulting"},"content":{"rendered":"\n<style type=\"text\/css\">\n\t#hero-small-block_1f50718bd2f3627919fb6870a9decc46 {\n\t\t\/* Add styles that use ACF values here *\/\n\t}\n<\/style>\n\n<!-- ******************* Block: Small Hero******************* -->\n<div id=\"hero-small-block_1f50718bd2f3627919fb6870a9decc46\" class=\"block-hero-small alignfull\">\n\n\t\t\t<div class=\"jumbotron jumbotron-small d-flex align-items-center text-center rounded-0 px-0\" style=\"background-image: url('https:\/\/net-e.de\/wp-content\/uploads\/2021\/12\/img_head-start.svg');\">\n\n\t\t\t<div class=\"container-fluid overlay\">\n\t\t\t\t<div class=\"row h-100\">\n\t\t\t\t\t<div class=\"col-12 overlay-col\">\n\n\t\t\t\t\t\t\t\t\t\t\t\t\t\t\t\t\t\t\n\t\t\t\t\t<\/div>\n\t\t\t\t<\/div>\n\t\t\t<\/div>\n\n\t\t\t<div class=\"container container-mt text-container\">\n\t\t\t\t<div class=\"row\">\n\t\t\t\t\t<div class=\"col-12\">\n\t\t\t\t\t\t<div class=\"font-small-hero-responsive regular text-white text-left w-75\">\n\t\t\t\t\t\t\t<b style=\"color:#cc5e24\">IT-Consulting \u2013 unabh\u00e4ngig beraten, ganzheitlich verbessern<\/b> \t\t\t\t\t\t<\/div>\n\t\t\t\t\t<\/div>\n\t\t\t\t<\/div>\n\n\t\t\t<\/div>\n\n\t\t<\/div>\n\n\t\n<\/div>\n\n\n<style type=\"text\/css\">\n    #section-block_fded4927e8852ea5cfe8117cfb803dc2 {\n        \/* Add styles that use ACF values here *\/\n    }\n<\/style>\n\n<!-- ******************* Block: Section ******************* -->\n<div id=\"section-block_fded4927e8852ea5cfe8117cfb803dc2\" class=\"block-section alignwide mb-0 mt-0 pb-0 pt-0\" style=\"background-color: \">\n    \n\n<style type=\"text\/css\">\n\t#text-bild-block_114bfabb907d595284a7a48e87a610ee {\n\t\t\/* Add styles that use ACF values here *\/\n\t}\n<\/style>\n\n<!-- ******************* Block: Text\/Bild ******************* -->\n<div id=\"text-bild-block_114bfabb907d595284a7a48e87a610ee\" class=\"block-text-bild alignwide\">\n\n\t\t\t\t<div class=\"overflow-hidden\">\n\t\t\t<div class=\"container \">\n\t\t\t\t<div class=\"row flex-wrap-reverse\">\n\n\t\t\t\t\t\t\t\t\t\t\n\t\t\t\t\t<div class=\" col-xl-6 col-lg-6 col-md-12 col-sm-12 col-12 padding-right text-col-padding my-auto\">\n\t\t\t\t\t\t<div class=\"font-size-13 line-height-25 regular text-lightgrey\"><\/div>\n\t\t\t\t\t\t<div class=\"title-width\"><p data-start=\"414\" data-end=\"475\"><span style=\"color: #cc5e24\"><strong data-start=\"418\" data-end=\"475\">Mehr Klarheit. Weniger Komplexit\u00e4t. Sp\u00fcrbare Wirkung.<\/strong><\/span><\/p>\n<\/div>\n\t\t\t\t\t\t<hr class=\"hr-lightgrey\">\n\t\t\t\t\t\t<div class=\"description-width\">\n\t\t\t\t\t\t\t<h3 data-start=\"414\" data-end=\"475\"><\/h3>\n<p data-start=\"477\" data-end=\"711\">Die IT ist das R\u00fcckgrat Ihres Unternehmens \u2013 doch sie muss nicht nur funktionieren, sondern auch <strong data-start=\"574\" data-end=\"614\">wirtschaftlich, sicher und effizient<\/strong> betrieben werden. Genau hier setzen wir mit unserem <strong data-start=\"667\" data-end=\"707\">herstellerunabh\u00e4ngigen IT-Consulting<\/strong> an.<\/p>\n<p data-start=\"713\" data-end=\"1019\"><strong data-start=\"713\" data-end=\"722\">net.e<\/strong> ber\u00e4t Sie objektiv und praxisnah:<\/p>\n<p data-start=\"713\" data-end=\"1019\">Von der Analyse Ihrer bestehenden Systeme bis zur Optimierung von Netzwerken, Prozessen und Betriebskosten.<\/p>\n<p data-start=\"713\" data-end=\"1019\">Wir denken strategisch, sprechen klar und entwickeln L\u00f6sungen, die funktionieren \u2013 ohne Abh\u00e4ngigkeiten, ohne Verkaufsinteresse, daf\u00fcr mit echtem Mehrwert.<\/p>\n\t\t\t\t\t\t<\/div>\n\n\t\t\t\t\t\t\t\t\t\t\t\t\t\t\t\t\t<\/div>\n\n\t\t\t\t\t\t\t\t\t\t\n\t\t\t\t\t\t<div class=\"col-xl-6 col-lg-6 col-md-12 col-sm-12 col-12 img-col-margin img-col-padding right-bg-padding text-center right-bg\">\n\t\t\t\t\t\t\t<img fetchpriority=\"high\" decoding=\"async\" width=\"1456\" height=\"816\" src=\"https:\/\/net-e.de\/wp-content\/uploads\/2025\/07\/u3658113938_A_stylized_digital_illustration_of_an_IT_security_08aa1a22-a3e5-4e7a-a8c4-72ba367e5ccf_2.png\" class=\"attachment-full img-right size-full img-right\" alt=\"\" srcset=\"https:\/\/net-e.de\/wp-content\/uploads\/2025\/07\/u3658113938_A_stylized_digital_illustration_of_an_IT_security_08aa1a22-a3e5-4e7a-a8c4-72ba367e5ccf_2.png 1456w, https:\/\/net-e.de\/wp-content\/uploads\/2025\/07\/u3658113938_A_stylized_digital_illustration_of_an_IT_security_08aa1a22-a3e5-4e7a-a8c4-72ba367e5ccf_2-300x168.png 300w, https:\/\/net-e.de\/wp-content\/uploads\/2025\/07\/u3658113938_A_stylized_digital_illustration_of_an_IT_security_08aa1a22-a3e5-4e7a-a8c4-72ba367e5ccf_2-1024x574.png 1024w, https:\/\/net-e.de\/wp-content\/uploads\/2025\/07\/u3658113938_A_stylized_digital_illustration_of_an_IT_security_08aa1a22-a3e5-4e7a-a8c4-72ba367e5ccf_2-768x430.png 768w, https:\/\/net-e.de\/wp-content\/uploads\/2025\/07\/u3658113938_A_stylized_digital_illustration_of_an_IT_security_08aa1a22-a3e5-4e7a-a8c4-72ba367e5ccf_2-18x10.png 18w\" sizes=\"(max-width: 1456px) 100vw, 1456px\" \/>\n\t\t\t\t\t\t\n\t\t\t\t\t\t\t<\/div>\n\t\t\t\t\t\t<\/div>\n\t\t\t\t<\/div>\n\t\t\t<\/div>\n\t\t\n\t\t\t<\/div>\n\n<\/div>\n\n\n<style type=\"text\/css\">\n    #section-block_f16ae9445b32e8094de36d57002fd841 {\n        \/* Add styles that use ACF values here *\/\n    }\n<\/style>\n\n<!-- ******************* Block: Section ******************* -->\n<div id=\"section-block_f16ae9445b32e8094de36d57002fd841\" class=\"block-section alignwide mb-0 mt-0 pb-0 pt-0\" style=\"background-color: #ffffff\">\n    \n\n<style type=\"text\/css\">\n\t#text-bild-block_b155b2b68fd8902acda6b5e1dfa1a28f {\n\t\t\/* Add styles that use ACF values here *\/\n\t}\n<\/style>\n\n<!-- ******************* Block: Text\/Bild ******************* -->\n<div id=\"text-bild-block_b155b2b68fd8902acda6b5e1dfa1a28f\" class=\"block-text-bild alignwide\">\n\n\t\t\t\t\t<div class=\"overflow-hidden\">\n\t\t\t\t<div class=\"container \">\n\t\t\t\t\t<div class=\"row\">\n\n\t\t\t\t\t\t\t\t\t\t\t\t\n\t\t\t\t\t\t\t<div class=\"col-xl-6 col-lg-6 col-md-12 col-sm-12 col-12 img-col-margin img-col-padding left-bg-padding text-center left-bg\">\n\t\t\t\t\t\t\t\t<img decoding=\"async\" width=\"1456\" height=\"816\" src=\"https:\/\/net-e.de\/wp-content\/uploads\/2025\/07\/u3658113938_A_stylized_digital_scene_representing_IT_Incident_925e3d81-a105-4332-b97e-1738bc298a89_1.png\" class=\"attachment-full img-left size-full img-left\" alt=\"\" srcset=\"https:\/\/net-e.de\/wp-content\/uploads\/2025\/07\/u3658113938_A_stylized_digital_scene_representing_IT_Incident_925e3d81-a105-4332-b97e-1738bc298a89_1.png 1456w, https:\/\/net-e.de\/wp-content\/uploads\/2025\/07\/u3658113938_A_stylized_digital_scene_representing_IT_Incident_925e3d81-a105-4332-b97e-1738bc298a89_1-300x168.png 300w, https:\/\/net-e.de\/wp-content\/uploads\/2025\/07\/u3658113938_A_stylized_digital_scene_representing_IT_Incident_925e3d81-a105-4332-b97e-1738bc298a89_1-1024x574.png 1024w, https:\/\/net-e.de\/wp-content\/uploads\/2025\/07\/u3658113938_A_stylized_digital_scene_representing_IT_Incident_925e3d81-a105-4332-b97e-1738bc298a89_1-768x430.png 768w, https:\/\/net-e.de\/wp-content\/uploads\/2025\/07\/u3658113938_A_stylized_digital_scene_representing_IT_Incident_925e3d81-a105-4332-b97e-1738bc298a89_1-18x10.png 18w\" sizes=\"(max-width: 1456px) 100vw, 1456px\" \/>\n\t\t\t\t\t\t\t \n\n\t\t\t\t\t\t\t\t<\/div>\n\n\t\t\t\t\t\t\t\t\t\t\t\t\t\t\t\t\n\t\t\t\t\t\t\t\t<div class=\"col-xl-6 col-lg-6 col-md-12 col-sm-12 col-12 padding-left text-col-padding my-auto\">\n\t\t\t\t\t\t\t\t\t<div class=\"font-size-13 line-height-25 regular text-lightgrey\"><\/div>\n\t\t\t\t\t\t\t\t\t<div class=\"title-width\"><p data-start=\"1026\" data-end=\"1070\"><span style=\"color: #cc5e24\"><strong data-start=\"1030\" data-end=\"1070\">Unsere Schwerpunkte im IT-Consulting<\/strong><\/span><\/p>\n<\/div>\n\t\t\t\t\t\t\t\t\t<hr class=\"hr-lightgrey\">\n\t\t\t\t\t\t\t\t\t<div class=\"description-width\">\n\t\t\t\t\t\t\t\t\t\t<h3 data-start=\"1026\" data-end=\"1070\"><\/h3>\n<ul data-start=\"1072\" data-end=\"1985\">\n<li data-start=\"1072\" data-end=\"1274\">\n<p data-start=\"1074\" data-end=\"1274\"><strong data-start=\"1074\" data-end=\"1103\">Optimierung im IT-Betrieb<\/strong><br data-start=\"1103\" data-end=\"1106\" \/>Wir analysieren Prozesse, Verantwortlichkeiten und technische Abl\u00e4ufe \u2013 und zeigen, wo Sie durch klare Strukturen, Automatisierung oder Entlastung effizienter werden.<\/p>\n<\/li>\n<li data-start=\"1276\" data-end=\"1480\">\n<p data-start=\"1278\" data-end=\"1480\"><strong data-start=\"1278\" data-end=\"1318\">Kostenoptimierung &amp; IT-Budgetplanung<\/strong><br data-start=\"1318\" data-end=\"1321\" \/>Transparenz \u00fcber Lizenzen, Vertr\u00e4ge, Cloud-Kosten und operative IT-Aufw\u00e4nde \u2013 wir helfen dabei, Kosten zu senken, ohne an Sicherheit oder Qualit\u00e4t zu sparen.<\/p>\n<\/li>\n<li data-start=\"1482\" data-end=\"1714\">\n<p data-start=\"1484\" data-end=\"1714\"><strong data-start=\"1484\" data-end=\"1531\">Netzwerkoptimierung &amp; Infrastrukturberatung<\/strong><br data-start=\"1531\" data-end=\"1534\" \/>Ob Neubau, Umbau oder Bestandsaufnahme: Wir pr\u00fcfen Ihre Netzwerke auf Leistungsf\u00e4higkeit, Sicherheit und Zukunftsf\u00e4higkeit \u2013 und planen gemeinsam den n\u00e4chsten sinnvollen Schritt.<\/p>\n<\/li>\n<li data-start=\"1716\" data-end=\"1985\">\n<p data-start=\"1718\" data-end=\"1985\"><strong data-start=\"1718\" data-end=\"1752\">Herstellerunabh\u00e4ngige Beratung<\/strong><br data-start=\"1752\" data-end=\"1755\" \/>Wir verkaufen keine Produkte, sondern L\u00f6sungen \u2013 und pr\u00fcfen objektiv, welche Technologien zu Ihren Zielen und Ressourcen passen. Egal ob Microsoft, Linux, VMware, Fortinet oder Open-Source: Wir empfehlen nur, was zu Ihnen passt.<\/p>\n<\/li>\n<\/ul>\n\t\t\t\t\t\t\t\t\t<\/div>\n\n\t\t\t\t\t\t\t\t\t\t\t\t\t\t\t\t\t\t\t\t\t\t\t\t\t\t<\/div>\n\n\t\t\t\t\t\t\t<\/div>\n\t\t\t\t\t<\/div>\n\t\t\t\t<\/div>\n\t\t\t\n\t\t\t<\/div>\n\n<\/div>\n\n\n<style type=\"text\/css\">\n    #section-block_f16ae9445b32e8094de36d57002fd841 {\n        \/* Add styles that use ACF values here *\/\n    }\n<\/style>\n\n<!-- ******************* Block: Section ******************* -->\n<div id=\"section-block_f16ae9445b32e8094de36d57002fd841\" class=\"block-section alignwide mb-0 mt-0 pb-0 pt-0\" style=\"background-color: #ffffff\">\n    \n\n<style type=\"text\/css\">\n\t#text-bild-block_b317e0045d05adc4c6cf58b0da40dd23 {\n\t\t\/* Add styles that use ACF values here *\/\n\t}\n<\/style>\n\n<!-- ******************* Block: Text\/Bild ******************* -->\n<div id=\"text-bild-block_b317e0045d05adc4c6cf58b0da40dd23\" class=\"block-text-bild alignwide\">\n\n\t\t\t\t<div class=\"overflow-hidden\">\n\t\t\t<div class=\"container \">\n\t\t\t\t<div class=\"row flex-wrap-reverse\">\n\n\t\t\t\t\t\t\t\t\t\t\n\t\t\t\t\t<div class=\" col-xl-6 col-lg-6 col-md-12 col-sm-12 col-12 padding-right text-col-padding my-auto\">\n\t\t\t\t\t\t<div class=\"font-size-13 line-height-25 regular text-lightgrey\"><\/div>\n\t\t\t\t\t\t<div class=\"title-width\"><p data-start=\"1992\" data-end=\"2040\"><span style=\"color: #cc5e24\"><strong data-start=\"1996\" data-end=\"2040\">F\u00fcr wen eignet sich unser IT-Consulting?<\/strong><\/span><\/p>\n<\/div>\n\t\t\t\t\t\t<hr class=\"hr-lightgrey\">\n\t\t\t\t\t\t<div class=\"description-width\">\n\t\t\t\t\t\t\t<h3 data-start=\"1992\" data-end=\"2040\"><\/h3>\n<p data-start=\"2042\" data-end=\"2078\">Unser IT-Consulting richtet sich an:<\/p>\n<ul data-start=\"2079\" data-end=\"2407\">\n<li data-start=\"2079\" data-end=\"2188\">\n<p data-start=\"2081\" data-end=\"2188\">Mittelst\u00e4ndische Unternehmen mit interner IT, die ihre Infrastruktur strategisch weiterentwickeln m\u00f6chten<\/p>\n<\/li>\n<li data-start=\"2189\" data-end=\"2277\">\n<p data-start=\"2191\" data-end=\"2277\">Unternehmen mit gewachsenen Strukturen, die Klarheit, Ordnung und Transparenz suchen<\/p>\n<\/li>\n<li data-start=\"2278\" data-end=\"2407\">\n<p data-start=\"2280\" data-end=\"2407\">IT-Leitungen, die den Betrieb modernisieren, absichern oder kostenoptimieren wollen \u2013 ohne sich an bestimmte Anbieter zu binden<\/p>\n<\/li>\n<li data-start=\"2278\" data-end=\"2407\">Unternehmen ohne interne IT, die einen Partner auf Augenh\u00f6he suchen<\/li>\n<\/ul>\n\t\t\t\t\t\t<\/div>\n\n\t\t\t\t\t\t\t\t\t\t\t\t\t\t\t\t\t<\/div>\n\n\t\t\t\t\t\t\t\t\t\t\n\t\t\t\t\t\t<div class=\"col-xl-6 col-lg-6 col-md-12 col-sm-12 col-12 img-col-margin img-col-padding right-bg-padding text-center right-bg\">\n\t\t\t\t\t\t\t<img decoding=\"async\" width=\"1456\" height=\"816\" src=\"https:\/\/net-e.de\/wp-content\/uploads\/2025\/07\/u3658113938_A_clean_digital_illustration_showing_a_modular_se_ece66b5c-bc17-4de5-989b-887f6ad831c4_1.png\" class=\"attachment-full img-right size-full img-right\" alt=\"\" srcset=\"https:\/\/net-e.de\/wp-content\/uploads\/2025\/07\/u3658113938_A_clean_digital_illustration_showing_a_modular_se_ece66b5c-bc17-4de5-989b-887f6ad831c4_1.png 1456w, https:\/\/net-e.de\/wp-content\/uploads\/2025\/07\/u3658113938_A_clean_digital_illustration_showing_a_modular_se_ece66b5c-bc17-4de5-989b-887f6ad831c4_1-300x168.png 300w, https:\/\/net-e.de\/wp-content\/uploads\/2025\/07\/u3658113938_A_clean_digital_illustration_showing_a_modular_se_ece66b5c-bc17-4de5-989b-887f6ad831c4_1-1024x574.png 1024w, https:\/\/net-e.de\/wp-content\/uploads\/2025\/07\/u3658113938_A_clean_digital_illustration_showing_a_modular_se_ece66b5c-bc17-4de5-989b-887f6ad831c4_1-768x430.png 768w, https:\/\/net-e.de\/wp-content\/uploads\/2025\/07\/u3658113938_A_clean_digital_illustration_showing_a_modular_se_ece66b5c-bc17-4de5-989b-887f6ad831c4_1-18x10.png 18w\" sizes=\"(max-width: 1456px) 100vw, 1456px\" \/>\n\t\t\t\t\t\t\n\t\t\t\t\t\t\t<\/div>\n\t\t\t\t\t\t<\/div>\n\t\t\t\t<\/div>\n\t\t\t<\/div>\n\t\t\n\t\t\t<\/div>\n\n\n<style type=\"text\/css\">\n\t#text-bild-block_69b275e4e773baec038b3bb92ef5df8e {\n\t\t\/* Add styles that use ACF values here *\/\n\t}\n<\/style>\n\n<!-- ******************* Block: Text\/Bild ******************* -->\n<div id=\"text-bild-block_69b275e4e773baec038b3bb92ef5df8e\" class=\"block-text-bild alignwide\">\n\n\t\t\t\t\t<div class=\"overflow-hidden\">\n\t\t\t\t<div class=\"container \">\n\t\t\t\t\t<div class=\"row\">\n\n\t\t\t\t\t\t\t\t\t\t\t\t\n\t\t\t\t\t\t\t<div class=\"col-xl-6 col-lg-6 col-md-12 col-sm-12 col-12 img-col-margin img-col-padding left-bg-padding text-center left-bg\">\n\t\t\t\t\t\t\t\t<img loading=\"lazy\" decoding=\"async\" width=\"1024\" height=\"1024\" src=\"https:\/\/net-e.de\/wp-content\/uploads\/2025\/07\/u3658113938_it_team_in_the_wadden_sea_-v_6.1_6e271f91-5d05-4c15-bc79-99a142da8c93_1.png\" class=\"attachment-full img-left size-full img-left\" alt=\"\" srcset=\"https:\/\/net-e.de\/wp-content\/uploads\/2025\/07\/u3658113938_it_team_in_the_wadden_sea_-v_6.1_6e271f91-5d05-4c15-bc79-99a142da8c93_1.png 1024w, https:\/\/net-e.de\/wp-content\/uploads\/2025\/07\/u3658113938_it_team_in_the_wadden_sea_-v_6.1_6e271f91-5d05-4c15-bc79-99a142da8c93_1-300x300.png 300w, https:\/\/net-e.de\/wp-content\/uploads\/2025\/07\/u3658113938_it_team_in_the_wadden_sea_-v_6.1_6e271f91-5d05-4c15-bc79-99a142da8c93_1-150x150.png 150w, https:\/\/net-e.de\/wp-content\/uploads\/2025\/07\/u3658113938_it_team_in_the_wadden_sea_-v_6.1_6e271f91-5d05-4c15-bc79-99a142da8c93_1-768x768.png 768w, https:\/\/net-e.de\/wp-content\/uploads\/2025\/07\/u3658113938_it_team_in_the_wadden_sea_-v_6.1_6e271f91-5d05-4c15-bc79-99a142da8c93_1-12x12.png 12w\" sizes=\"(max-width: 1024px) 100vw, 1024px\" \/>\n\t\t\t\t\t\t\t \n\n\t\t\t\t\t\t\t\t<\/div>\n\n\t\t\t\t\t\t\t\t\t\t\t\t\t\t\t\t\n\t\t\t\t\t\t\t\t<div class=\"col-xl-6 col-lg-6 col-md-12 col-sm-12 col-12 padding-left text-col-padding my-auto\">\n\t\t\t\t\t\t\t\t\t<div class=\"font-size-13 line-height-25 regular text-lightgrey\"><\/div>\n\t\t\t\t\t\t\t\t\t<div class=\"title-width\"><p data-start=\"2414\" data-end=\"2462\"><span style=\"color: #cc5e24\"><strong>Unabh\u00e4ngig. Verst\u00e4ndlich. Zukunftsf\u00e4hig\u00a0\u2013 jetzt Gespr\u00e4ch vereinbaren<\/strong><\/span><\/p>\n<\/div>\n\t\t\t\t\t\t\t\t\t<hr class=\"hr-lightgrey\">\n\t\t\t\t\t\t\t\t\t<div class=\"description-width\">\n\t\t\t\t\t\t\t\t\t\t<h3 data-start=\"2414\" data-end=\"2462\"><\/h3>\n<p data-start=\"2464\" data-end=\"2651\">Mit net.e haben Sie einen <strong data-start=\"2490\" data-end=\"2520\">neutralen Sparringspartner<\/strong>, der mitdenkt, kritisch hinterfragt und gemeinsam mit Ihnen <strong data-start=\"2581\" data-end=\"2640\">eine stabile, wirtschaftliche und sichere IT-Landschaft<\/strong> schafft.<\/p>\n<p data-start=\"2653\" data-end=\"2769\"><strong data-start=\"2656\" data-end=\"2769\">Sprechen Sie uns an \u2013 wir analysieren, optimieren und helfen Ihnen, Ihre IT wieder klar im Blick zu behalten.<\/strong><\/p>\n\t\t\t\t\t\t\t\t\t<\/div>\n\n\t\t\t\t\t\t\t\t\t\t\t\t\t\t\t\t\t\t\n\t\t\t\t\t\t\t\t\t\t<a href=\"https:\/\/outlook.office365.com\/book\/neteNetworkExpertsGmbH@net-e.de\/\" ype=\"button\" class=\"btn btn-further rounded-0 p-0 \">\n\n\t\t\t\t\t\t\t\t\t\t\t<div class=\"btn-more-wrap\">\n\t\t\t\t\t\t\t\t\t\t\t\t<span class=\" font-size-12 line-height-18 medium pr-2\">Termin buchen<\/span>\n\n\t\t\t\t\t\t\t\t\t\t\t\t<svg class=\"arrow-right\" xmlns=\"http:\/\/www.w3.org\/2000\/svg\" width=\"16.707\" height=\"8.707\" viewBox=\"0 0 16.707 8.707\">\n\t\t\t\t\t\t\t\t\t\t\t\t\t<g id=\"Gruppe_1125\" data-name=\"Gruppe 1125\" transform=\"translate(0 0.356)\">\n\t\t\t\t\t\t\t\t\t\t\t\t\t\t<g id=\"ic-roundabout-forward-section\" transform=\"translate(0)\">\n\t\t\t\t\t\t\t\t\t\t\t\t\t\t\t<path id=\"Pfad_31444\" data-name=\"Pfad 31444\" d=\"M454,.36,458,4.3,454,8.36\" transform=\"translate(-442 -0.36)\" fill=\"none\" stroke=\"#D27A4E\" stroke-miterlimit=\"10\" stroke-width=\"1\" \/>\n\t\t\t\t\t\t\t\t\t\t\t\t\t\t\t<line id=\"Linie_35\" data-name=\"Linie 35\" x1=\"16\" transform=\"translate(0 4)\" fill=\"none\" stroke=\"#D27A4E\" stroke-miterlimit=\"10\" stroke-width=\"1\" \/>\n\t\t\t\t\t\t\t\t\t\t\t\t\t\t<\/g>\n\t\t\t\t\t\t\t\t\t\t\t\t\t<\/g>\n\t\t\t\t\t\t\t\t\t\t\t\t<\/svg>\n\t\t\t\t\t\t\t\t\t\t\t<\/div>\n\t\t\t\t\t\t\t\t\t\t<\/a>\n\n\t\t\t\t\t\t\t\t\t\t\t\t\t\t\t\t\t<\/div>\n\n\t\t\t\t\t\t\t<\/div>\n\t\t\t\t\t<\/div>\n\t\t\t\t<\/div>\n\t\t\t\n\t\t\t<\/div>\n\n<\/div>\n\n\n<style type=\"text\/css\">\n    #section-block_fded4927e8852ea5cfe8117cfb803dc2 {\n        \/* Add styles that use ACF values here *\/\n    }\n<\/style>\n\n<!-- ******************* Block: Section ******************* -->\n<div id=\"section-block_fded4927e8852ea5cfe8117cfb803dc2\" class=\"block-section alignwide mb-0 mt-0 pb-0 pt-0\" style=\"background-color: \">\n    \n<\/div>\n\n\n<style type=\"text\/css\">\n    #section-block_f16ae9445b32e8094de36d57002fd841 {\n        \/* Add styles that use ACF values here *\/\n    }\n<\/style>\n\n<!-- ******************* Block: Section ******************* -->\n<div id=\"section-block_f16ae9445b32e8094de36d57002fd841\" class=\"block-section alignwide mb-0 mt-0 pb-0 pt-0\" style=\"background-color: #ffffff\">\n    \n<\/div>\n\n\n<style type=\"text\/css\">\n    #section-block_fded4927e8852ea5cfe8117cfb803dc2 {\n        \/* Add styles that use ACF values here *\/\n    }\n<\/style>\n\n<!-- ******************* Block: Section ******************* -->\n<div id=\"section-block_fded4927e8852ea5cfe8117cfb803dc2\" class=\"block-section alignwide mb-0 mt-0 pb-0 pt-0\" style=\"background-color: \">\n    \n<\/div>","protected":false},"excerpt":{"rendered":"<p> [&#8230;]<\/p>\n<p><a class=\"btn btn-post-read-more mt-5 p-0 d-flex justify-content-center align-items-center\" href=\"https:\/\/net-e.de\/de\/it-consulting\/\"><span class=\"ml-auto\">Vollst\u00e4ndiger Bericht<\/span> <span class=\"read-more-inner position-relative ml-auto\"><br \/>\n\t\t\t<svg class=\"position-absolute arrow-down\" xmlns=\"http:\/\/www.w3.org\/2000\/svg\" width=\"13.707\" height=\"16.707\" viewBox=\"0 0 13.707 16.707\">\n\t\t\t  <g id=\"ic-roundabout-forward\" transform=\"translate(13.351 -10) rotate(90)\">\n\t\t\t    <path id=\"Pfad_31444\" data-name=\"Pfad 31444\" d=\"M454,.36l6.5,6.4-6.5,6.6\" transform=\"translate(-434.5 -0.36)\" fill=\"none\" stroke=\"#fff\" stroke-miterlimit=\"10\" stroke-width=\"1\"\/>\n\t\t\t    <line id=\"Linie_35\" data-name=\"Linie 35\" x1=\"16\" transform=\"translate(10 6.5)\" fill=\"none\" stroke=\"#fff\" stroke-miterlimit=\"10\" stroke-width=\"1\"\/>\n\t\t\t  <\/g>\n\t\t\t<\/svg><br \/>\n\t\t\t<\/span><\/a><\/p>\n","protected":false},"author":1,"featured_media":0,"parent":0,"menu_order":0,"comment_status":"closed","ping_status":"closed","template":"page-templates\/default-skeleton.php","meta":{"_acf_changed":false,"footnotes":""},"class_list":["post-2016","page","type-page","status-publish","hentry"],"acf":[],"yoast_head":"<!-- This site is optimized with the Yoast SEO plugin v27.4 - https:\/\/yoast.com\/product\/yoast-seo-wordpress\/ -->\n<title>it-consulting | net.e<\/title>\n<meta name=\"robots\" content=\"index, follow, max-snippet:-1, max-image-preview:large, max-video-preview:-1\" \/>\n<link rel=\"canonical\" href=\"https:\/\/net-e.de\/de\/it-consulting\/\" \/>\n<meta property=\"og:locale\" content=\"de_DE\" \/>\n<meta property=\"og:type\" content=\"article\" \/>\n<meta property=\"og:title\" content=\"it-consulting | net.e\" \/>\n<meta property=\"og:description\" content=\"[...]Vollst\u00e4ndiger Bericht\" \/>\n<meta property=\"og:url\" content=\"https:\/\/net-e.de\/de\/it-consulting\/\" \/>\n<meta property=\"og:site_name\" content=\"net.e\" \/>\n<meta property=\"article:modified_time\" content=\"2025-07-29T07:36:18+00:00\" \/>\n<meta name=\"twitter:card\" content=\"summary_large_image\" \/>\n<script type=\"application\/ld+json\" class=\"yoast-schema-graph\">{\"@context\":\"https:\\\/\\\/schema.org\",\"@graph\":[{\"@type\":\"WebPage\",\"@id\":\"https:\\\/\\\/net-e.de\\\/it-consulting\\\/\",\"url\":\"https:\\\/\\\/net-e.de\\\/it-consulting\\\/\",\"name\":\"it-consulting | net.e\",\"isPartOf\":{\"@id\":\"https:\\\/\\\/net-e.de\\\/en\\\/#website\"},\"datePublished\":\"2025-07-28T21:35:35+00:00\",\"dateModified\":\"2025-07-29T07:36:18+00:00\",\"breadcrumb\":{\"@id\":\"https:\\\/\\\/net-e.de\\\/it-consulting\\\/#breadcrumb\"},\"inLanguage\":\"de\",\"potentialAction\":[{\"@type\":\"ReadAction\",\"target\":[\"https:\\\/\\\/net-e.de\\\/it-consulting\\\/\"]}]},{\"@type\":\"BreadcrumbList\",\"@id\":\"https:\\\/\\\/net-e.de\\\/it-consulting\\\/#breadcrumb\",\"itemListElement\":[{\"@type\":\"ListItem\",\"position\":1,\"name\":\"Startseite\",\"item\":\"https:\\\/\\\/net-e.de\\\/\"},{\"@type\":\"ListItem\",\"position\":2,\"name\":\"it-consulting\"}]},{\"@type\":\"WebSite\",\"@id\":\"https:\\\/\\\/net-e.de\\\/en\\\/#website\",\"url\":\"https:\\\/\\\/net-e.de\\\/en\\\/\",\"name\":\"net.e\",\"description\":\"net.e - unabh\u00e4ngige IT Beratung aus Aurich\",\"publisher\":{\"@id\":\"https:\\\/\\\/net-e.de\\\/en\\\/#organization\"},\"potentialAction\":[{\"@type\":\"SearchAction\",\"target\":{\"@type\":\"EntryPoint\",\"urlTemplate\":\"https:\\\/\\\/net-e.de\\\/en\\\/?s={search_term_string}\"},\"query-input\":{\"@type\":\"PropertyValueSpecification\",\"valueRequired\":true,\"valueName\":\"search_term_string\"}}],\"inLanguage\":\"de\"},{\"@type\":\"Organization\",\"@id\":\"https:\\\/\\\/net-e.de\\\/en\\\/#organization\",\"name\":\"net.e - Network Experts GmbH\",\"url\":\"https:\\\/\\\/net-e.de\\\/en\\\/\",\"logo\":{\"@type\":\"ImageObject\",\"inLanguage\":\"de\",\"@id\":\"https:\\\/\\\/net-e.de\\\/en\\\/#\\\/schema\\\/logo\\\/image\\\/\",\"url\":\"https:\\\/\\\/net-e.de\\\/wp-content\\\/uploads\\\/2022\\\/03\\\/nete-network-experts-logo-Kopie.png\",\"contentUrl\":\"https:\\\/\\\/net-e.de\\\/wp-content\\\/uploads\\\/2022\\\/03\\\/nete-network-experts-logo-Kopie.png\",\"width\":4744,\"height\":2680,\"caption\":\"net.e - Network Experts GmbH\"},\"image\":{\"@id\":\"https:\\\/\\\/net-e.de\\\/en\\\/#\\\/schema\\\/logo\\\/image\\\/\"}}]}<\/script>\n<!-- \/ Yoast SEO plugin. -->","yoast_head_json":{"title":"it-consulting | net.e","robots":{"index":"index","follow":"follow","max-snippet":"max-snippet:-1","max-image-preview":"max-image-preview:large","max-video-preview":"max-video-preview:-1"},"canonical":"https:\/\/net-e.de\/de\/it-consulting\/","og_locale":"de_DE","og_type":"article","og_title":"it-consulting | net.e","og_description":"[...]Vollst\u00e4ndiger Bericht","og_url":"https:\/\/net-e.de\/de\/it-consulting\/","og_site_name":"net.e","article_modified_time":"2025-07-29T07:36:18+00:00","twitter_card":"summary_large_image","schema":{"@context":"https:\/\/schema.org","@graph":[{"@type":"WebPage","@id":"https:\/\/net-e.de\/it-consulting\/","url":"https:\/\/net-e.de\/it-consulting\/","name":"it-consulting | net.e","isPartOf":{"@id":"https:\/\/net-e.de\/en\/#website"},"datePublished":"2025-07-28T21:35:35+00:00","dateModified":"2025-07-29T07:36:18+00:00","breadcrumb":{"@id":"https:\/\/net-e.de\/it-consulting\/#breadcrumb"},"inLanguage":"de","potentialAction":[{"@type":"ReadAction","target":["https:\/\/net-e.de\/it-consulting\/"]}]},{"@type":"BreadcrumbList","@id":"https:\/\/net-e.de\/it-consulting\/#breadcrumb","itemListElement":[{"@type":"ListItem","position":1,"name":"Startseite","item":"https:\/\/net-e.de\/"},{"@type":"ListItem","position":2,"name":"it-consulting"}]},{"@type":"WebSite","@id":"https:\/\/net-e.de\/en\/#website","url":"https:\/\/net-e.de\/en\/","name":"net.e","description":"net.e - unabh\u00e4ngige IT Beratung aus Aurich","publisher":{"@id":"https:\/\/net-e.de\/en\/#organization"},"potentialAction":[{"@type":"SearchAction","target":{"@type":"EntryPoint","urlTemplate":"https:\/\/net-e.de\/en\/?s={search_term_string}"},"query-input":{"@type":"PropertyValueSpecification","valueRequired":true,"valueName":"search_term_string"}}],"inLanguage":"de"},{"@type":"Organization","@id":"https:\/\/net-e.de\/en\/#organization","name":"net.e - Network Experts GmbH","url":"https:\/\/net-e.de\/en\/","logo":{"@type":"ImageObject","inLanguage":"de","@id":"https:\/\/net-e.de\/en\/#\/schema\/logo\/image\/","url":"https:\/\/net-e.de\/wp-content\/uploads\/2022\/03\/nete-network-experts-logo-Kopie.png","contentUrl":"https:\/\/net-e.de\/wp-content\/uploads\/2022\/03\/nete-network-experts-logo-Kopie.png","width":4744,"height":2680,"caption":"net.e - Network Experts GmbH"},"image":{"@id":"https:\/\/net-e.de\/en\/#\/schema\/logo\/image\/"}}]}},"jetpack_sharing_enabled":true,"_links":{"self":[{"href":"https:\/\/net-e.de\/de\/wp-json\/wp\/v2\/pages\/2016","targetHints":{"allow":["GET"]}}],"collection":[{"href":"https:\/\/net-e.de\/de\/wp-json\/wp\/v2\/pages"}],"about":[{"href":"https:\/\/net-e.de\/de\/wp-json\/wp\/v2\/types\/page"}],"author":[{"embeddable":true,"href":"https:\/\/net-e.de\/de\/wp-json\/wp\/v2\/users\/1"}],"replies":[{"embeddable":true,"href":"https:\/\/net-e.de\/de\/wp-json\/wp\/v2\/comments?post=2016"}],"version-history":[{"count":3,"href":"https:\/\/net-e.de\/de\/wp-json\/wp\/v2\/pages\/2016\/revisions"}],"predecessor-version":[{"id":2048,"href":"https:\/\/net-e.de\/de\/wp-json\/wp\/v2\/pages\/2016\/revisions\/2048"}],"wp:attachment":[{"href":"https:\/\/net-e.de\/de\/wp-json\/wp\/v2\/media?parent=2016"}],"curies":[{"name":"wp","href":"https:\/\/api.w.org\/{rel}","templated":true}]}}