{"id":2019,"date":"2025-07-28T23:41:38","date_gmt":"2025-07-28T21:41:38","guid":{"rendered":"https:\/\/net-e.de\/?page_id=2019"},"modified":"2025-07-29T09:42:35","modified_gmt":"2025-07-29T07:42:35","slug":"softwareentwicklung-2","status":"publish","type":"page","link":"https:\/\/net-e.de\/de\/softwareentwicklung-2\/","title":{"rendered":"softwareentwicklung"},"content":{"rendered":"\n<style type=\"text\/css\">\n\t#hero-small-block_3827d17ce5489ec1c4d769ae52c6f342 {\n\t\t\/* Add styles that use ACF values here *\/\n\t}\n<\/style>\n\n<!-- ******************* Block: Small Hero******************* -->\n<div id=\"hero-small-block_3827d17ce5489ec1c4d769ae52c6f342\" class=\"block-hero-small alignfull\">\n\n\t\t\t<div class=\"jumbotron jumbotron-small d-flex align-items-center text-center rounded-0 px-0\" style=\"background-image: url('https:\/\/net-e.de\/wp-content\/uploads\/2021\/12\/img_head-start.svg');\">\n\n\t\t\t<div class=\"container-fluid overlay\">\n\t\t\t\t<div class=\"row h-100\">\n\t\t\t\t\t<div class=\"col-12 overlay-col\">\n\n\t\t\t\t\t\t\t\t\t\t\t\t\t\t\t\t\t\t\n\t\t\t\t\t<\/div>\n\t\t\t\t<\/div>\n\t\t\t<\/div>\n\n\t\t\t<div class=\"container container-mt text-container\">\n\t\t\t\t<div class=\"row\">\n\t\t\t\t\t<div class=\"col-12\">\n\t\t\t\t\t\t<div class=\"font-small-hero-responsive regular text-white text-left w-75\">\n\t\t\t\t\t\t\t<b style=\"color:#cc5e24\">Individuelle Softwareentwicklung \u2013 ma\u00dfgeschneiderte Portall\u00f6sungen f\u00fcr Ihr Unternehmen<\/b> \t\t\t\t\t\t<\/div>\n\t\t\t\t\t<\/div>\n\t\t\t\t<\/div>\n\n\t\t\t<\/div>\n\n\t\t<\/div>\n\n\t\n<\/div>\n\n\n<style type=\"text\/css\">\n    #section-block_4daf0a319e7ef25dce160d2ab2e1226f {\n        \/* Add styles that use ACF values here *\/\n    }\n<\/style>\n\n<!-- ******************* Block: Section ******************* -->\n<div id=\"section-block_4daf0a319e7ef25dce160d2ab2e1226f\" class=\"block-section alignwide mb-0 mt-0 pb-0 pt-0\" style=\"background-color: \">\n    \n\n<style type=\"text\/css\">\n\t#text-bild-block_a55aa7241823eaab734917e30a942dd5 {\n\t\t\/* Add styles that use ACF values here *\/\n\t}\n<\/style>\n\n<!-- ******************* Block: Text\/Bild ******************* -->\n<div id=\"text-bild-block_a55aa7241823eaab734917e30a942dd5\" class=\"block-text-bild alignwide\">\n\n\t\t\t\t<div class=\"overflow-hidden\">\n\t\t\t<div class=\"container \">\n\t\t\t\t<div class=\"row flex-wrap-reverse\">\n\n\t\t\t\t\t\t\t\t\t\t\n\t\t\t\t\t<div class=\" col-xl-6 col-lg-6 col-md-12 col-sm-12 col-12 padding-right text-col-padding my-auto\">\n\t\t\t\t\t\t<div class=\"font-size-13 line-height-25 regular text-lightgrey\"><\/div>\n\t\t\t\t\t\t<div class=\"title-width\"><p data-start=\"345\" data-end=\"390\"><span style=\"color: #cc5e24\"><strong data-start=\"349\" data-end=\"390\">Standard kann viel. Aber nicht alles.<\/strong><\/span><\/p>\n<\/div>\n\t\t\t\t\t\t<hr class=\"hr-lightgrey\">\n\t\t\t\t\t\t<div class=\"description-width\">\n\t\t\t\t\t\t\t<h3 data-start=\"345\" data-end=\"390\"><\/h3>\n<p data-start=\"392\" data-end=\"675\">Wenn Prozesse, Nutzergruppen oder Datenstrukturen spezieller sind als die Funktionen g\u00e4ngiger Tools, ist Zeit f\u00fcr etwas Eigenes.<\/p>\n<p data-start=\"392\" data-end=\"675\">Mit unserer <strong data-start=\"533\" data-end=\"570\">individuellen Softwareentwicklung<\/strong> realisieren wir <strong data-start=\"587\" data-end=\"605\">Portall\u00f6sungen<\/strong>, die sich exakt an Ihren Anforderungen orientieren \u2013 nicht umgekehrt.<\/p>\n<p data-start=\"677\" data-end=\"930\">Ob zentrales Kundenportal, Verwaltungssystem, Buchungsplattform oder internes Cockpit: Wir entwickeln schlanke, performante und benutzerfreundliche Anwendungen, die <strong data-start=\"842\" data-end=\"929\">Prozesse digitalisieren, Abl\u00e4ufe vereinfachen und Informationen intelligent b\u00fcndeln<\/strong>.<\/p>\n\t\t\t\t\t\t<\/div>\n\n\t\t\t\t\t\t\t\t\t\t\t\t\t\t\t\t\t<\/div>\n\n\t\t\t\t\t\t\t\t\t\t\n\t\t\t\t\t\t<div class=\"col-xl-6 col-lg-6 col-md-12 col-sm-12 col-12 img-col-margin img-col-padding right-bg-padding text-center right-bg\">\n\t\t\t\t\t\t\t<img fetchpriority=\"high\" decoding=\"async\" width=\"1456\" height=\"816\" src=\"https:\/\/net-e.de\/wp-content\/uploads\/2025\/07\/u3658113938_A_stylized_digital_illustration_of_an_IT_security_08aa1a22-a3e5-4e7a-a8c4-72ba367e5ccf_2.png\" class=\"attachment-full img-right size-full img-right\" alt=\"\" srcset=\"https:\/\/net-e.de\/wp-content\/uploads\/2025\/07\/u3658113938_A_stylized_digital_illustration_of_an_IT_security_08aa1a22-a3e5-4e7a-a8c4-72ba367e5ccf_2.png 1456w, https:\/\/net-e.de\/wp-content\/uploads\/2025\/07\/u3658113938_A_stylized_digital_illustration_of_an_IT_security_08aa1a22-a3e5-4e7a-a8c4-72ba367e5ccf_2-300x168.png 300w, https:\/\/net-e.de\/wp-content\/uploads\/2025\/07\/u3658113938_A_stylized_digital_illustration_of_an_IT_security_08aa1a22-a3e5-4e7a-a8c4-72ba367e5ccf_2-1024x574.png 1024w, https:\/\/net-e.de\/wp-content\/uploads\/2025\/07\/u3658113938_A_stylized_digital_illustration_of_an_IT_security_08aa1a22-a3e5-4e7a-a8c4-72ba367e5ccf_2-768x430.png 768w, https:\/\/net-e.de\/wp-content\/uploads\/2025\/07\/u3658113938_A_stylized_digital_illustration_of_an_IT_security_08aa1a22-a3e5-4e7a-a8c4-72ba367e5ccf_2-18x10.png 18w\" sizes=\"(max-width: 1456px) 100vw, 1456px\" \/>\n\t\t\t\t\t\t\n\t\t\t\t\t\t\t<\/div>\n\t\t\t\t\t\t<\/div>\n\t\t\t\t<\/div>\n\t\t\t<\/div>\n\t\t\n\t\t\t<\/div>\n\n<\/div>\n\n\n<style type=\"text\/css\">\n    #section-block_e75dddafcd5593eaf154e5ad8a8bb51e {\n        \/* Add styles that use ACF values here *\/\n    }\n<\/style>\n\n<!-- ******************* Block: Section ******************* -->\n<div id=\"section-block_e75dddafcd5593eaf154e5ad8a8bb51e\" class=\"block-section alignwide mb-0 mt-0 pb-0 pt-0\" style=\"background-color: #ffffff\">\n    \n\n<style type=\"text\/css\">\n\t#text-bild-block_e2db629eaa1240e8698bf3bc8dc0f601 {\n\t\t\/* Add styles that use ACF values here *\/\n\t}\n<\/style>\n\n<!-- ******************* Block: Text\/Bild ******************* -->\n<div id=\"text-bild-block_e2db629eaa1240e8698bf3bc8dc0f601\" class=\"block-text-bild alignwide\">\n\n\t\t\t\t\t<div class=\"overflow-hidden\">\n\t\t\t\t<div class=\"container \">\n\t\t\t\t\t<div class=\"row\">\n\n\t\t\t\t\t\t\t\t\t\t\t\t\n\t\t\t\t\t\t\t<div class=\"col-xl-6 col-lg-6 col-md-12 col-sm-12 col-12 img-col-margin img-col-padding left-bg-padding text-center left-bg\">\n\t\t\t\t\t\t\t\t<img decoding=\"async\" width=\"1456\" height=\"816\" src=\"https:\/\/net-e.de\/wp-content\/uploads\/2025\/07\/u3658113938_A_stylized_digital_scene_representing_IT_Incident_925e3d81-a105-4332-b97e-1738bc298a89_1.png\" class=\"attachment-full img-left size-full img-left\" alt=\"\" srcset=\"https:\/\/net-e.de\/wp-content\/uploads\/2025\/07\/u3658113938_A_stylized_digital_scene_representing_IT_Incident_925e3d81-a105-4332-b97e-1738bc298a89_1.png 1456w, https:\/\/net-e.de\/wp-content\/uploads\/2025\/07\/u3658113938_A_stylized_digital_scene_representing_IT_Incident_925e3d81-a105-4332-b97e-1738bc298a89_1-300x168.png 300w, https:\/\/net-e.de\/wp-content\/uploads\/2025\/07\/u3658113938_A_stylized_digital_scene_representing_IT_Incident_925e3d81-a105-4332-b97e-1738bc298a89_1-1024x574.png 1024w, https:\/\/net-e.de\/wp-content\/uploads\/2025\/07\/u3658113938_A_stylized_digital_scene_representing_IT_Incident_925e3d81-a105-4332-b97e-1738bc298a89_1-768x430.png 768w, https:\/\/net-e.de\/wp-content\/uploads\/2025\/07\/u3658113938_A_stylized_digital_scene_representing_IT_Incident_925e3d81-a105-4332-b97e-1738bc298a89_1-18x10.png 18w\" sizes=\"(max-width: 1456px) 100vw, 1456px\" \/>\n\t\t\t\t\t\t\t \n\n\t\t\t\t\t\t\t\t<\/div>\n\n\t\t\t\t\t\t\t\t\t\t\t\t\t\t\t\t\n\t\t\t\t\t\t\t\t<div class=\"col-xl-6 col-lg-6 col-md-12 col-sm-12 col-12 padding-left text-col-padding my-auto\">\n\t\t\t\t\t\t\t\t\t<div class=\"font-size-13 line-height-25 regular text-lightgrey\"><\/div>\n\t\t\t\t\t\t\t\t\t<div class=\"title-width\"><p data-start=\"937\" data-end=\"988\"><span style=\"color: #cc5e24\"><strong data-start=\"941\" data-end=\"988\">Unsere Leistungen im Bereich Portall\u00f6sungen<\/strong><\/span><\/p>\n<\/div>\n\t\t\t\t\t\t\t\t\t<hr class=\"hr-lightgrey\">\n\t\t\t\t\t\t\t\t\t<div class=\"description-width\">\n\t\t\t\t\t\t\t\t\t\t<h3 data-start=\"937\" data-end=\"988\"><\/h3>\n<ul data-start=\"990\" data-end=\"1735\">\n<li data-start=\"990\" data-end=\"1140\">\n<p data-start=\"992\" data-end=\"1140\"><strong data-start=\"992\" data-end=\"1029\">Individuelle Planung &amp; Konzeption<\/strong><br data-start=\"1029\" data-end=\"1032\" \/>Wir analysieren bestehende Prozesse, Anforderungen und Schnittstellen \u2013 gemeinsam mit Ihren Fachbereichen.<\/p>\n<\/li>\n<li data-start=\"1142\" data-end=\"1296\">\n<p data-start=\"1144\" data-end=\"1296\"><strong data-start=\"1144\" data-end=\"1175\">Technisch saubere Umsetzung<\/strong><br data-start=\"1175\" data-end=\"1178\" \/>Webbasierte Anwendungen mit Fokus auf Skalierbarkeit, Sicherheit und Wartbarkeit \u2013 responsive &amp; plattformunabh\u00e4ngig.<\/p>\n<\/li>\n<li data-start=\"1298\" data-end=\"1455\">\n<p data-start=\"1300\" data-end=\"1455\"><strong data-start=\"1300\" data-end=\"1332\">Schnittstellen &amp; Integration<\/strong><br data-start=\"1332\" data-end=\"1335\" \/>Anbindung an bestehende Systeme (z.\u202fB. ERP, DMS, CRM) sowie sichere Nutzerverwaltung (z.\u202fB. SSO, LDAP, Rollenmodelle).<\/p>\n<\/li>\n<li data-start=\"1457\" data-end=\"1613\">\n<p data-start=\"1459\" data-end=\"1613\"><strong data-start=\"1459\" data-end=\"1501\">Datenschutz &amp; Sicherheit von Anfang an<\/strong><br data-start=\"1501\" data-end=\"1504\" \/>DSGVO-konforme Entwicklung, Zugriffsschutz und sichere Datenverarbeitung sind bei uns Standard, kein Extra.<\/p>\n<\/li>\n<li data-start=\"1615\" data-end=\"1735\">\n<p data-start=\"1617\" data-end=\"1735\"><strong data-start=\"1617\" data-end=\"1643\">Langfristige Betreuung<\/strong><br data-start=\"1643\" data-end=\"1646\" \/>Weiterentwicklung, Wartung, Betrieb und Hosting \u2013 alles aus einer Hand, wenn gew\u00fcnscht.<\/p>\n<\/li>\n<\/ul>\n\t\t\t\t\t\t\t\t\t<\/div>\n\n\t\t\t\t\t\t\t\t\t\t\t\t\t\t\t\t\t\t\t\t\t\t\t\t\t\t<\/div>\n\n\t\t\t\t\t\t\t<\/div>\n\t\t\t\t\t<\/div>\n\t\t\t\t<\/div>\n\t\t\t\n\t\t\t<\/div>\n\n<\/div>\n\n\n<style type=\"text\/css\">\n    #section-block_e75dddafcd5593eaf154e5ad8a8bb51e {\n        \/* Add styles that use ACF values here *\/\n    }\n<\/style>\n\n<!-- ******************* Block: Section ******************* -->\n<div id=\"section-block_e75dddafcd5593eaf154e5ad8a8bb51e\" class=\"block-section alignwide mb-0 mt-0 pb-0 pt-0\" style=\"background-color: #ffffff\">\n    \n\n<style type=\"text\/css\">\n\t#text-bild-block_d7d4523b5a55113e17d7e0a70ec6cf01 {\n\t\t\/* Add styles that use ACF values here *\/\n\t}\n<\/style>\n\n<!-- ******************* Block: Text\/Bild ******************* -->\n<div id=\"text-bild-block_d7d4523b5a55113e17d7e0a70ec6cf01\" class=\"block-text-bild alignwide\">\n\n\t\t\t\t<div class=\"overflow-hidden\">\n\t\t\t<div class=\"container \">\n\t\t\t\t<div class=\"row flex-wrap-reverse\">\n\n\t\t\t\t\t\t\t\t\t\t\n\t\t\t\t\t<div class=\" col-xl-6 col-lg-6 col-md-12 col-sm-12 col-12 padding-right text-col-padding my-auto\">\n\t\t\t\t\t\t<div class=\"font-size-13 line-height-25 regular text-lightgrey\"><\/div>\n\t\t\t\t\t\t<div class=\"title-width\"><p data-start=\"1742\" data-end=\"1801\"><span style=\"color: #cc5e24\"><strong data-start=\"1746\" data-end=\"1801\">Warum individuelle Portale statt Baukastenl\u00f6sungen?<\/strong><\/span><\/p>\n<\/div>\n\t\t\t\t\t\t<hr class=\"hr-lightgrey\">\n\t\t\t\t\t\t<div class=\"description-width\">\n\t\t\t\t\t\t\t<h3 data-start=\"1742\" data-end=\"1801\"><\/h3>\n<ul>\n<li data-start=\"1803\" data-end=\"2068\">Passgenau auf Ihre Anforderungen zugeschnitten<\/li>\n<li data-start=\"1803\" data-end=\"2068\">Keine \u00fcberfl\u00fcssigen Funktionen<\/li>\n<li data-start=\"1803\" data-end=\"2068\">Volle Kontrolle \u00fcber Prozesse, Daten und Schnittstellen<\/li>\n<li data-start=\"1803\" data-end=\"2068\">Flexibel erweiterbar, wartbar und zukunftssicher<\/li>\n<li data-start=\"1803\" data-end=\"2068\">Investition in eigene digitale Souver\u00e4nit\u00e4t<\/li>\n<\/ul>\n\t\t\t\t\t\t<\/div>\n\n\t\t\t\t\t\t\t\t\t\t\t\t\t\t\t\t\t<\/div>\n\n\t\t\t\t\t\t\t\t\t\t\n\t\t\t\t\t\t<div class=\"col-xl-6 col-lg-6 col-md-12 col-sm-12 col-12 img-col-margin img-col-padding right-bg-padding text-center right-bg\">\n\t\t\t\t\t\t\t<img decoding=\"async\" width=\"1456\" height=\"816\" src=\"https:\/\/net-e.de\/wp-content\/uploads\/2025\/07\/u3658113938_A_clean_digital_illustration_showing_a_modular_se_ece66b5c-bc17-4de5-989b-887f6ad831c4_1.png\" class=\"attachment-full img-right size-full img-right\" alt=\"\" srcset=\"https:\/\/net-e.de\/wp-content\/uploads\/2025\/07\/u3658113938_A_clean_digital_illustration_showing_a_modular_se_ece66b5c-bc17-4de5-989b-887f6ad831c4_1.png 1456w, https:\/\/net-e.de\/wp-content\/uploads\/2025\/07\/u3658113938_A_clean_digital_illustration_showing_a_modular_se_ece66b5c-bc17-4de5-989b-887f6ad831c4_1-300x168.png 300w, https:\/\/net-e.de\/wp-content\/uploads\/2025\/07\/u3658113938_A_clean_digital_illustration_showing_a_modular_se_ece66b5c-bc17-4de5-989b-887f6ad831c4_1-1024x574.png 1024w, https:\/\/net-e.de\/wp-content\/uploads\/2025\/07\/u3658113938_A_clean_digital_illustration_showing_a_modular_se_ece66b5c-bc17-4de5-989b-887f6ad831c4_1-768x430.png 768w, https:\/\/net-e.de\/wp-content\/uploads\/2025\/07\/u3658113938_A_clean_digital_illustration_showing_a_modular_se_ece66b5c-bc17-4de5-989b-887f6ad831c4_1-18x10.png 18w\" sizes=\"(max-width: 1456px) 100vw, 1456px\" \/>\n\t\t\t\t\t\t\n\t\t\t\t\t\t\t<\/div>\n\t\t\t\t\t\t<\/div>\n\t\t\t\t<\/div>\n\t\t\t<\/div>\n\t\t\n\t\t\t<\/div>\n\n\n<style type=\"text\/css\">\n\t#text-bild-block_d3f96641d3ea8a26eaf1a053378eec6d {\n\t\t\/* Add styles that use ACF values here *\/\n\t}\n<\/style>\n\n<!-- ******************* Block: Text\/Bild ******************* -->\n<div id=\"text-bild-block_d3f96641d3ea8a26eaf1a053378eec6d\" class=\"block-text-bild alignwide\">\n\n\t\t\t\t\t<div class=\"overflow-hidden\">\n\t\t\t\t<div class=\"container \">\n\t\t\t\t\t<div class=\"row\">\n\n\t\t\t\t\t\t\t\t\t\t\t\t\n\t\t\t\t\t\t\t<div class=\"col-xl-6 col-lg-6 col-md-12 col-sm-12 col-12 img-col-margin img-col-padding left-bg-padding text-center left-bg\">\n\t\t\t\t\t\t\t\t<img loading=\"lazy\" decoding=\"async\" width=\"1024\" height=\"1024\" src=\"https:\/\/net-e.de\/wp-content\/uploads\/2025\/07\/u3658113938_it_team_in_the_wadden_sea_-v_6.1_6e271f91-5d05-4c15-bc79-99a142da8c93_1.png\" class=\"attachment-full img-left size-full img-left\" alt=\"\" srcset=\"https:\/\/net-e.de\/wp-content\/uploads\/2025\/07\/u3658113938_it_team_in_the_wadden_sea_-v_6.1_6e271f91-5d05-4c15-bc79-99a142da8c93_1.png 1024w, https:\/\/net-e.de\/wp-content\/uploads\/2025\/07\/u3658113938_it_team_in_the_wadden_sea_-v_6.1_6e271f91-5d05-4c15-bc79-99a142da8c93_1-300x300.png 300w, https:\/\/net-e.de\/wp-content\/uploads\/2025\/07\/u3658113938_it_team_in_the_wadden_sea_-v_6.1_6e271f91-5d05-4c15-bc79-99a142da8c93_1-150x150.png 150w, https:\/\/net-e.de\/wp-content\/uploads\/2025\/07\/u3658113938_it_team_in_the_wadden_sea_-v_6.1_6e271f91-5d05-4c15-bc79-99a142da8c93_1-768x768.png 768w, https:\/\/net-e.de\/wp-content\/uploads\/2025\/07\/u3658113938_it_team_in_the_wadden_sea_-v_6.1_6e271f91-5d05-4c15-bc79-99a142da8c93_1-12x12.png 12w\" sizes=\"(max-width: 1024px) 100vw, 1024px\" \/>\n\t\t\t\t\t\t\t \n\n\t\t\t\t\t\t\t\t<\/div>\n\n\t\t\t\t\t\t\t\t\t\t\t\t\t\t\t\t\n\t\t\t\t\t\t\t\t<div class=\"col-xl-6 col-lg-6 col-md-12 col-sm-12 col-12 padding-left text-col-padding my-auto\">\n\t\t\t\t\t\t\t\t\t<div class=\"font-size-13 line-height-25 regular text-lightgrey\"><\/div>\n\t\t\t\t\t\t\t\t\t<div class=\"title-width\"><p data-start=\"2075\" data-end=\"2141\"><span style=\"color: #cc5e24\"><strong data-start=\"2079\" data-end=\"2141\">Von der Idee zur Anwendung \u2013 in Ihrem Tempo, in Ihrem Stil<\/strong><\/span><\/p>\n<\/div>\n\t\t\t\t\t\t\t\t\t<hr class=\"hr-lightgrey\">\n\t\t\t\t\t\t\t\t\t<div class=\"description-width\">\n\t\t\t\t\t\t\t\t\t\t<h3 data-start=\"2075\" data-end=\"2141\"><\/h3>\n<p data-start=\"2143\" data-end=\"2376\">Wir begleiten Sie von der ersten Idee \u00fcber Mockups und Prototypen bis zum stabil laufenden Portal. Dabei arbeiten wir agil, transparent und in enger Abstimmung mit Ihren Teams \u2013 mit einem klaren Ziel:<\/p>\n<p data-start=\"2143\" data-end=\"2376\"><span style=\"color: #cc5e24\"><strong>eine L\u00f6sung, die wirklich hilft.<\/strong><\/span><\/p>\n<p data-start=\"2378\" data-end=\"2475\"><strong data-start=\"2381\" data-end=\"2475\">Sprechen Sie uns an \u2013 wir entwickeln Portale, die so individuell sind wie Ihr Unternehmen.<\/strong><\/p>\n\t\t\t\t\t\t\t\t\t<\/div>\n\n\t\t\t\t\t\t\t\t\t\t\t\t\t\t\t\t\t\t\n\t\t\t\t\t\t\t\t\t\t<a href=\"https:\/\/outlook.office365.com\/book\/neteNetworkExpertsGmbH@net-e.de\/\" ype=\"button\" class=\"btn btn-further rounded-0 p-0 \">\n\n\t\t\t\t\t\t\t\t\t\t\t<div class=\"btn-more-wrap\">\n\t\t\t\t\t\t\t\t\t\t\t\t<span class=\" font-size-12 line-height-18 medium pr-2\">Termin buchen<\/span>\n\n\t\t\t\t\t\t\t\t\t\t\t\t<svg class=\"arrow-right\" xmlns=\"http:\/\/www.w3.org\/2000\/svg\" width=\"16.707\" height=\"8.707\" viewBox=\"0 0 16.707 8.707\">\n\t\t\t\t\t\t\t\t\t\t\t\t\t<g id=\"Gruppe_1125\" data-name=\"Gruppe 1125\" transform=\"translate(0 0.356)\">\n\t\t\t\t\t\t\t\t\t\t\t\t\t\t<g id=\"ic-roundabout-forward-section\" transform=\"translate(0)\">\n\t\t\t\t\t\t\t\t\t\t\t\t\t\t\t<path id=\"Pfad_31444\" data-name=\"Pfad 31444\" d=\"M454,.36,458,4.3,454,8.36\" transform=\"translate(-442 -0.36)\" fill=\"none\" stroke=\"#D27A4E\" stroke-miterlimit=\"10\" stroke-width=\"1\" \/>\n\t\t\t\t\t\t\t\t\t\t\t\t\t\t\t<line id=\"Linie_35\" data-name=\"Linie 35\" x1=\"16\" transform=\"translate(0 4)\" fill=\"none\" stroke=\"#D27A4E\" stroke-miterlimit=\"10\" stroke-width=\"1\" \/>\n\t\t\t\t\t\t\t\t\t\t\t\t\t\t<\/g>\n\t\t\t\t\t\t\t\t\t\t\t\t\t<\/g>\n\t\t\t\t\t\t\t\t\t\t\t\t<\/svg>\n\t\t\t\t\t\t\t\t\t\t\t<\/div>\n\t\t\t\t\t\t\t\t\t\t<\/a>\n\n\t\t\t\t\t\t\t\t\t\t\t\t\t\t\t\t\t<\/div>\n\n\t\t\t\t\t\t\t<\/div>\n\t\t\t\t\t<\/div>\n\t\t\t\t<\/div>\n\t\t\t\n\t\t\t<\/div>\n\n<\/div>\n\n\n<style type=\"text\/css\">\n    #section-block_4daf0a319e7ef25dce160d2ab2e1226f {\n        \/* Add styles that use ACF values here *\/\n    }\n<\/style>\n\n<!-- ******************* Block: Section ******************* -->\n<div id=\"section-block_4daf0a319e7ef25dce160d2ab2e1226f\" class=\"block-section alignwide mb-0 mt-0 pb-0 pt-0\" style=\"background-color: \">\n    \n<\/div>\n\n\n<style type=\"text\/css\">\n    #section-block_e75dddafcd5593eaf154e5ad8a8bb51e {\n        \/* Add styles that use ACF values here *\/\n    }\n<\/style>\n\n<!-- ******************* Block: Section ******************* -->\n<div id=\"section-block_e75dddafcd5593eaf154e5ad8a8bb51e\" class=\"block-section alignwide mb-0 mt-0 pb-0 pt-0\" style=\"background-color: #ffffff\">\n    \n<\/div>\n\n\n<style type=\"text\/css\">\n    #section-block_4daf0a319e7ef25dce160d2ab2e1226f {\n        \/* Add styles that use ACF values here *\/\n    }\n<\/style>\n\n<!-- ******************* Block: Section ******************* -->\n<div id=\"section-block_4daf0a319e7ef25dce160d2ab2e1226f\" class=\"block-section alignwide mb-0 mt-0 pb-0 pt-0\" style=\"background-color: \">\n    \n<\/div>","protected":false},"excerpt":{"rendered":"<p> [&#8230;]<\/p>\n<p><a class=\"btn btn-post-read-more mt-5 p-0 d-flex justify-content-center align-items-center\" href=\"https:\/\/net-e.de\/de\/softwareentwicklung-2\/\"><span class=\"ml-auto\">Vollst\u00e4ndiger Bericht<\/span> <span class=\"read-more-inner position-relative ml-auto\"><br \/>\n\t\t\t<svg class=\"position-absolute arrow-down\" xmlns=\"http:\/\/www.w3.org\/2000\/svg\" width=\"13.707\" height=\"16.707\" viewBox=\"0 0 13.707 16.707\">\n\t\t\t  <g id=\"ic-roundabout-forward\" transform=\"translate(13.351 -10) rotate(90)\">\n\t\t\t    <path id=\"Pfad_31444\" data-name=\"Pfad 31444\" d=\"M454,.36l6.5,6.4-6.5,6.6\" transform=\"translate(-434.5 -0.36)\" fill=\"none\" stroke=\"#fff\" stroke-miterlimit=\"10\" stroke-width=\"1\"\/>\n\t\t\t    <line id=\"Linie_35\" data-name=\"Linie 35\" x1=\"16\" transform=\"translate(10 6.5)\" fill=\"none\" stroke=\"#fff\" stroke-miterlimit=\"10\" stroke-width=\"1\"\/>\n\t\t\t  <\/g>\n\t\t\t<\/svg><br \/>\n\t\t\t<\/span><\/a><\/p>\n","protected":false},"author":1,"featured_media":0,"parent":0,"menu_order":0,"comment_status":"closed","ping_status":"closed","template":"page-templates\/default-skeleton.php","meta":{"_acf_changed":false,"footnotes":""},"class_list":["post-2019","page","type-page","status-publish","hentry"],"acf":[],"yoast_head":"<!-- This site is optimized with the Yoast SEO plugin v27.4 - https:\/\/yoast.com\/product\/yoast-seo-wordpress\/ -->\n<title>softwareentwicklung | net.e<\/title>\n<meta name=\"robots\" content=\"index, follow, max-snippet:-1, max-image-preview:large, max-video-preview:-1\" \/>\n<link rel=\"canonical\" href=\"https:\/\/net-e.de\/de\/softwareentwicklung-2\/\" \/>\n<meta property=\"og:locale\" content=\"de_DE\" \/>\n<meta property=\"og:type\" content=\"article\" \/>\n<meta property=\"og:title\" content=\"softwareentwicklung | net.e\" \/>\n<meta property=\"og:description\" content=\"[...]Vollst\u00e4ndiger Bericht\" \/>\n<meta property=\"og:url\" content=\"https:\/\/net-e.de\/de\/softwareentwicklung-2\/\" \/>\n<meta property=\"og:site_name\" content=\"net.e\" \/>\n<meta property=\"article:modified_time\" content=\"2025-07-29T07:42:35+00:00\" \/>\n<meta name=\"twitter:card\" content=\"summary_large_image\" \/>\n<script type=\"application\/ld+json\" class=\"yoast-schema-graph\">{\"@context\":\"https:\\\/\\\/schema.org\",\"@graph\":[{\"@type\":\"WebPage\",\"@id\":\"https:\\\/\\\/net-e.de\\\/softwareentwicklung-2\\\/\",\"url\":\"https:\\\/\\\/net-e.de\\\/softwareentwicklung-2\\\/\",\"name\":\"softwareentwicklung | net.e\",\"isPartOf\":{\"@id\":\"https:\\\/\\\/net-e.de\\\/en\\\/#website\"},\"datePublished\":\"2025-07-28T21:41:38+00:00\",\"dateModified\":\"2025-07-29T07:42:35+00:00\",\"breadcrumb\":{\"@id\":\"https:\\\/\\\/net-e.de\\\/softwareentwicklung-2\\\/#breadcrumb\"},\"inLanguage\":\"de\",\"potentialAction\":[{\"@type\":\"ReadAction\",\"target\":[\"https:\\\/\\\/net-e.de\\\/softwareentwicklung-2\\\/\"]}]},{\"@type\":\"BreadcrumbList\",\"@id\":\"https:\\\/\\\/net-e.de\\\/softwareentwicklung-2\\\/#breadcrumb\",\"itemListElement\":[{\"@type\":\"ListItem\",\"position\":1,\"name\":\"Startseite\",\"item\":\"https:\\\/\\\/net-e.de\\\/\"},{\"@type\":\"ListItem\",\"position\":2,\"name\":\"softwareentwicklung\"}]},{\"@type\":\"WebSite\",\"@id\":\"https:\\\/\\\/net-e.de\\\/en\\\/#website\",\"url\":\"https:\\\/\\\/net-e.de\\\/en\\\/\",\"name\":\"net.e\",\"description\":\"net.e - unabh\u00e4ngige IT Beratung aus Aurich\",\"publisher\":{\"@id\":\"https:\\\/\\\/net-e.de\\\/en\\\/#organization\"},\"potentialAction\":[{\"@type\":\"SearchAction\",\"target\":{\"@type\":\"EntryPoint\",\"urlTemplate\":\"https:\\\/\\\/net-e.de\\\/en\\\/?s={search_term_string}\"},\"query-input\":{\"@type\":\"PropertyValueSpecification\",\"valueRequired\":true,\"valueName\":\"search_term_string\"}}],\"inLanguage\":\"de\"},{\"@type\":\"Organization\",\"@id\":\"https:\\\/\\\/net-e.de\\\/en\\\/#organization\",\"name\":\"net.e - Network Experts GmbH\",\"url\":\"https:\\\/\\\/net-e.de\\\/en\\\/\",\"logo\":{\"@type\":\"ImageObject\",\"inLanguage\":\"de\",\"@id\":\"https:\\\/\\\/net-e.de\\\/en\\\/#\\\/schema\\\/logo\\\/image\\\/\",\"url\":\"https:\\\/\\\/net-e.de\\\/wp-content\\\/uploads\\\/2022\\\/03\\\/nete-network-experts-logo-Kopie.png\",\"contentUrl\":\"https:\\\/\\\/net-e.de\\\/wp-content\\\/uploads\\\/2022\\\/03\\\/nete-network-experts-logo-Kopie.png\",\"width\":4744,\"height\":2680,\"caption\":\"net.e - Network Experts GmbH\"},\"image\":{\"@id\":\"https:\\\/\\\/net-e.de\\\/en\\\/#\\\/schema\\\/logo\\\/image\\\/\"}}]}<\/script>\n<!-- \/ Yoast SEO plugin. -->","yoast_head_json":{"title":"softwareentwicklung | net.e","robots":{"index":"index","follow":"follow","max-snippet":"max-snippet:-1","max-image-preview":"max-image-preview:large","max-video-preview":"max-video-preview:-1"},"canonical":"https:\/\/net-e.de\/de\/softwareentwicklung-2\/","og_locale":"de_DE","og_type":"article","og_title":"softwareentwicklung | net.e","og_description":"[...]Vollst\u00e4ndiger Bericht","og_url":"https:\/\/net-e.de\/de\/softwareentwicklung-2\/","og_site_name":"net.e","article_modified_time":"2025-07-29T07:42:35+00:00","twitter_card":"summary_large_image","schema":{"@context":"https:\/\/schema.org","@graph":[{"@type":"WebPage","@id":"https:\/\/net-e.de\/softwareentwicklung-2\/","url":"https:\/\/net-e.de\/softwareentwicklung-2\/","name":"softwareentwicklung | net.e","isPartOf":{"@id":"https:\/\/net-e.de\/en\/#website"},"datePublished":"2025-07-28T21:41:38+00:00","dateModified":"2025-07-29T07:42:35+00:00","breadcrumb":{"@id":"https:\/\/net-e.de\/softwareentwicklung-2\/#breadcrumb"},"inLanguage":"de","potentialAction":[{"@type":"ReadAction","target":["https:\/\/net-e.de\/softwareentwicklung-2\/"]}]},{"@type":"BreadcrumbList","@id":"https:\/\/net-e.de\/softwareentwicklung-2\/#breadcrumb","itemListElement":[{"@type":"ListItem","position":1,"name":"Startseite","item":"https:\/\/net-e.de\/"},{"@type":"ListItem","position":2,"name":"softwareentwicklung"}]},{"@type":"WebSite","@id":"https:\/\/net-e.de\/en\/#website","url":"https:\/\/net-e.de\/en\/","name":"net.e","description":"net.e - unabh\u00e4ngige IT Beratung aus Aurich","publisher":{"@id":"https:\/\/net-e.de\/en\/#organization"},"potentialAction":[{"@type":"SearchAction","target":{"@type":"EntryPoint","urlTemplate":"https:\/\/net-e.de\/en\/?s={search_term_string}"},"query-input":{"@type":"PropertyValueSpecification","valueRequired":true,"valueName":"search_term_string"}}],"inLanguage":"de"},{"@type":"Organization","@id":"https:\/\/net-e.de\/en\/#organization","name":"net.e - Network Experts GmbH","url":"https:\/\/net-e.de\/en\/","logo":{"@type":"ImageObject","inLanguage":"de","@id":"https:\/\/net-e.de\/en\/#\/schema\/logo\/image\/","url":"https:\/\/net-e.de\/wp-content\/uploads\/2022\/03\/nete-network-experts-logo-Kopie.png","contentUrl":"https:\/\/net-e.de\/wp-content\/uploads\/2022\/03\/nete-network-experts-logo-Kopie.png","width":4744,"height":2680,"caption":"net.e - Network Experts GmbH"},"image":{"@id":"https:\/\/net-e.de\/en\/#\/schema\/logo\/image\/"}}]}},"jetpack_sharing_enabled":true,"_links":{"self":[{"href":"https:\/\/net-e.de\/de\/wp-json\/wp\/v2\/pages\/2019","targetHints":{"allow":["GET"]}}],"collection":[{"href":"https:\/\/net-e.de\/de\/wp-json\/wp\/v2\/pages"}],"about":[{"href":"https:\/\/net-e.de\/de\/wp-json\/wp\/v2\/types\/page"}],"author":[{"embeddable":true,"href":"https:\/\/net-e.de\/de\/wp-json\/wp\/v2\/users\/1"}],"replies":[{"embeddable":true,"href":"https:\/\/net-e.de\/de\/wp-json\/wp\/v2\/comments?post=2019"}],"version-history":[{"count":4,"href":"https:\/\/net-e.de\/de\/wp-json\/wp\/v2\/pages\/2019\/revisions"}],"predecessor-version":[{"id":2055,"href":"https:\/\/net-e.de\/de\/wp-json\/wp\/v2\/pages\/2019\/revisions\/2055"}],"wp:attachment":[{"href":"https:\/\/net-e.de\/de\/wp-json\/wp\/v2\/media?parent=2019"}],"curies":[{"name":"wp","href":"https:\/\/api.w.org\/{rel}","templated":true}]}}